{"id":170,"date":"2020-05-03T16:43:55","date_gmt":"2020-05-03T14:43:55","guid":{"rendered":"https:\/\/www.lemoine-cie.net\/lemoine\/?page_id=170"},"modified":"2020-07-09T20:55:32","modified_gmt":"2020-07-09T18:55:32","slug":"lemoine-cie","status":"publish","type":"page","link":"https:\/\/www.lemoine-cie.net\/en\/lemoine-cie\/","title":{"rendered":"Lemoine & cie"},"content":{"rendered":"<div data-elementor-type=\"wp-page\" data-elementor-id=\"170\" class=\"elementor elementor-170\" data-elementor-settings=\"[]\">\n\t\t\t\t\t\t<div class=\"elementor-inner\">\n\t\t\t\t\t\t\t<div class=\"elementor-section-wrap\">\n\t\t\t\t\t\t\t<section class=\"elementor-section elementor-top-section elementor-element elementor-element-6c463ef elementor-section-height-min-height elementor-section-boxed elementor-section-height-default elementor-section-items-middle\" data-id=\"6c463ef\" data-element_type=\"section\" data-settings=\"{&quot;background_background&quot;:&quot;classic&quot;,&quot;ekit_has_onepagescroll_dot&quot;:&quot;yes&quot;}\">\n\t\t\t\t\t\t\t<div class=\"elementor-background-overlay\"><\/div>\n\t\t\t\t\t\t\t<div class=\"elementor-container elementor-column-gap-default\">\n\t\t\t\t\t\t\t<div class=\"elementor-row\">\n\t\t\t\t\t<div class=\"elementor-column elementor-col-100 elementor-top-column elementor-element elementor-element-9efb2d5\" data-id=\"9efb2d5\" data-element_type=\"column\">\n\t\t\t<div class=\"elementor-column-wrap elementor-element-populated\">\n\t\t\t\t\t\t\t<div class=\"elementor-widget-wrap\">\n\t\t\t\t\t\t<div class=\"elementor-element elementor-element-6731c34 elementor-widget__width-initial elementor-widget elementor-widget-heading\" data-id=\"6731c34\" data-element_type=\"widget\" data-widget_type=\"heading.default\">\n\t\t\t\t<div class=\"elementor-widget-container\">\n\t\t\t<h2 class=\"elementor-heading-title elementor-size-default\">LEMOINE & CIE<\/h2>\t\t<\/div>\n\t\t\t\t<\/div>\n\t\t\t\t\t\t<\/div>\n\t\t\t\t\t<\/div>\n\t\t<\/div>\n\t\t\t\t\t\t\t\t<\/div>\n\t\t\t\t\t<\/div>\n\t\t<\/section>\n\t\t\t\t<section class=\"elementor-section elementor-top-section elementor-element elementor-element-a1ff740 elementor-section-boxed elementor-section-height-default elementor-section-height-default\" data-id=\"a1ff740\" data-element_type=\"section\" data-settings=\"{&quot;ekit_has_onepagescroll_dot&quot;:&quot;yes&quot;}\">\n\t\t\t\t\t\t<div class=\"elementor-container elementor-column-gap-default\">\n\t\t\t\t\t\t\t<div class=\"elementor-row\">\n\t\t\t\t\t<div class=\"elementor-column elementor-col-100 elementor-top-column elementor-element elementor-element-25b9af9\" data-id=\"25b9af9\" data-element_type=\"column\">\n\t\t\t<div class=\"elementor-column-wrap elementor-element-populated\">\n\t\t\t\t\t\t\t<div class=\"elementor-widget-wrap\">\n\t\t\t\t\t\t<div class=\"elementor-element elementor-element-ac08aa4 elementor-widget elementor-widget-heading\" data-id=\"ac08aa4\" data-element_type=\"widget\" data-widget_type=\"heading.default\">\n\t\t\t\t<div class=\"elementor-widget-container\">\n\t\t\t<h2 class=\"elementor-heading-title elementor-size-default\">WHO ARE WE<\/h2>\t\t<\/div>\n\t\t\t\t<\/div>\n\t\t\t\t<div class=\"elementor-element elementor-element-58bdf9e elementor-widget-divider--view-line elementor-widget elementor-widget-divider\" data-id=\"58bdf9e\" data-element_type=\"widget\" data-widget_type=\"divider.default\">\n\t\t\t\t<div class=\"elementor-widget-container\">\n\t\t\t\t\t<div class=\"elementor-divider\">\n\t\t\t<span class=\"elementor-divider-separator\">\n\t\t\t\t\t\t<\/span>\n\t\t<\/div>\n\t\t\t\t<\/div>\n\t\t\t\t<\/div>\n\t\t\t\t<div class=\"elementor-element elementor-element-d4c575c elementor-widget elementor-widget-text-editor\" data-id=\"d4c575c\" data-element_type=\"widget\" data-widget_type=\"text-editor.default\">\n\t\t\t\t<div class=\"elementor-widget-container\">\n\t\t\t\t\t<div class=\"elementor-text-editor elementor-clearfix\"><figure id=\"attachment_568\" aria-describedby=\"caption-attachment-568\" style=\"width: 300px\" class=\"wp-caption alignleft\"><img loading=\"lazy\" class=\"wp-image-568 size-medium\" src=\"https:\/\/www.lemoine-cie.net\/wp-content\/uploads\/2020\/06\/WhatsApp-Image-2020-06-15-at-11.36.37-AM-300x265.jpeg\" alt=\"Si\u00e8ge LEMOINE &amp; CIE S.A.\" width=\"300\" height=\"265\" srcset=\"https:\/\/www.lemoine-cie.net\/wp-content\/uploads\/2020\/06\/WhatsApp-Image-2020-06-15-at-11.36.37-AM-300x265.jpeg 300w, https:\/\/www.lemoine-cie.net\/wp-content\/uploads\/2020\/06\/WhatsApp-Image-2020-06-15-at-11.36.37-AM.jpeg 700w\" sizes=\"(max-width: 300px) 100vw, 300px\" \/><figcaption id=\"caption-attachment-568\" class=\"wp-caption-text\">Headquarters of LEMOINE & CIE S.A.<\/figcaption><\/figure><p>Located in the port area of Cotonou, the economic capital of Benin, LEMOINE & Cie SA is a company specialized in the transit and management of international transport of goods by sea, air and land. The company, which is one of the oldest freight forwarders in the country, was created in 1986 after the opening of transit to the private sector in a tense socio-political context.\u00a0<\/p><p>Indeed, at that time, Benin was on the eve of the collapse of its leading economic and political system, which would give way to a world of entrepreneurship based on free competition and private initiative, a principle of nascent economic liberalism.\u00a0<\/p><p>Over the years, the company has been able to evolve in an environment tending towards globalization by linking various partnerships in order to offer its customers global solutions and a complete door-to-door service throughout the world. It is thus a member of various international transport organisations such as GTO, WCA or FIATA which allows it to count on the seriousness and reliability of a network of partners throughout the world.<\/p><\/div>\n\t\t\t\t<\/div>\n\t\t\t\t<\/div>\n\t\t\t\t\t\t<\/div>\n\t\t\t\t\t<\/div>\n\t\t<\/div>\n\t\t\t\t\t\t\t\t<\/div>\n\t\t\t\t\t<\/div>\n\t\t<\/section>\n\t\t\t\t<section class=\"elementor-section elementor-top-section elementor-element elementor-element-d7d8548 elementor-section-boxed elementor-section-height-default elementor-section-height-default\" data-id=\"d7d8548\" data-element_type=\"section\" data-settings=\"{&quot;ekit_has_onepagescroll_dot&quot;:&quot;yes&quot;}\">\n\t\t\t\t\t\t<div class=\"elementor-container elementor-column-gap-default\">\n\t\t\t\t\t\t\t<div class=\"elementor-row\">\n\t\t\t\t\t<div class=\"elementor-column elementor-col-100 elementor-top-column elementor-element elementor-element-2a9e5ee\" data-id=\"2a9e5ee\" data-element_type=\"column\">\n\t\t\t<div class=\"elementor-column-wrap elementor-element-populated\">\n\t\t\t\t\t\t\t<div class=\"elementor-widget-wrap\">\n\t\t\t\t\t\t<div class=\"elementor-element elementor-element-7cbfaf1 elementor-widget elementor-widget-image\" data-id=\"7cbfaf1\" data-element_type=\"widget\" data-widget_type=\"image.default\">\n\t\t\t\t<div class=\"elementor-widget-container\">\n\t\t\t\t\t<div class=\"elementor-image\">\n\t\t\t\t\t\t\t\t\t\t<img width=\"1024\" height=\"768\" src=\"https:\/\/www.lemoine-cie.net\/wp-content\/uploads\/2020\/06\/le1.jpeg\" class=\"attachment-large size-large\" alt=\"\" loading=\"lazy\" srcset=\"https:\/\/www.lemoine-cie.net\/wp-content\/uploads\/2020\/06\/le1.jpeg 1024w, https:\/\/www.lemoine-cie.net\/wp-content\/uploads\/2020\/06\/le1-300x225.jpeg 300w, https:\/\/www.lemoine-cie.net\/wp-content\/uploads\/2020\/06\/le1-768x576.jpeg 768w\" sizes=\"(max-width: 1024px) 100vw, 1024px\" \/>\t\t\t\t\t\t\t\t\t\t\t<\/div>\n\t\t\t\t<\/div>\n\t\t\t\t<\/div>\n\t\t\t\t\t\t<\/div>\n\t\t\t\t\t<\/div>\n\t\t<\/div>\n\t\t\t\t\t\t\t\t<\/div>\n\t\t\t\t\t<\/div>\n\t\t<\/section>\n\t\t\t\t<section class=\"elementor-section elementor-top-section elementor-element elementor-element-53b06875 elementor-section-boxed elementor-section-height-default elementor-section-height-default\" data-id=\"53b06875\" data-element_type=\"section\" data-settings=\"{&quot;ekit_has_onepagescroll_dot&quot;:&quot;yes&quot;}\">\n\t\t\t\t\t\t<div class=\"elementor-container elementor-column-gap-default\">\n\t\t\t\t\t\t\t<div class=\"elementor-row\">\n\t\t\t\t\t<div class=\"elementor-column elementor-col-100 elementor-top-column elementor-element elementor-element-1742675f\" data-id=\"1742675f\" data-element_type=\"column\">\n\t\t\t<div class=\"elementor-column-wrap elementor-element-populated\">\n\t\t\t\t\t\t\t<div class=\"elementor-widget-wrap\">\n\t\t\t\t\t\t<div class=\"elementor-element elementor-element-6fc37cd6 elementor-widget elementor-widget-heading\" data-id=\"6fc37cd6\" data-element_type=\"widget\" data-widget_type=\"heading.default\">\n\t\t\t\t<div class=\"elementor-widget-container\">\n\t\t\t<h2 class=\"elementor-heading-title elementor-size-default\">OUR PARTNERS<\/h2>\t\t<\/div>\n\t\t\t\t<\/div>\n\t\t\t\t<div class=\"elementor-element elementor-element-559f70f8 elementor-widget-divider--view-line elementor-widget elementor-widget-divider\" data-id=\"559f70f8\" data-element_type=\"widget\" data-widget_type=\"divider.default\">\n\t\t\t\t<div class=\"elementor-widget-container\">\n\t\t\t\t\t<div class=\"elementor-divider\">\n\t\t\t<span class=\"elementor-divider-separator\">\n\t\t\t\t\t\t<\/span>\n\t\t<\/div>\n\t\t\t\t<\/div>\n\t\t\t\t<\/div>\n\t\t\t\t<div class=\"elementor-element elementor-element-196c3722 elementor-widget elementor-widget-elementskit-client-logo\" data-id=\"196c3722\" data-element_type=\"widget\" data-widget_type=\"elementskit-client-logo.default\">\n\t\t\t\t<div class=\"elementor-widget-container\">\n\t\t\t<div class=\"ekit-wid-con\" >        \n        <div class=\"elementskit-clients-slider simple_logo_image\" data-config=\"{&quot;rtl&quot;:false,&quot;arrows&quot;:false,&quot;dots&quot;:false,&quot;pauseOnHover&quot;:true,&quot;prevArrow&quot;:&quot;&quot;,&quot;nextArrow&quot;:&quot;&quot;,&quot;autoplay&quot;:true,&quot;autoplaySpeed&quot;:5000,&quot;infinite&quot;:true,&quot;slidesToShow&quot;:4,&quot;slidesToScroll&quot;:1,&quot;rows&quot;:1,&quot;responsive&quot;:[{&quot;breakpoint&quot;:1024,&quot;settings&quot;:{&quot;slidesToShow&quot;:2,&quot;slidesToScroll&quot;:1}},{&quot;breakpoint&quot;:480,&quot;settings&quot;:{&quot;slidesToShow&quot;:1,&quot;slidesToScroll&quot;:1},&quot;arrows&quot;:false}]}\" data-direction=\"\">\n\n                            <div class=\"elementskit-client-slider-item\">\n                    <div class=\"single-client image-switcher\" title=\"\">\n                        \n                            <div class=\"content-image\">\n\n                                <img src=\"https:\/\/www.lemoine-cie.net\/wp-content\/uploads\/2020\/05\/DSV_Logo.svg.png\" alt=\"DSV\" class=\"\">\n                                                            <\/div>\n\n                        \n                    <\/div>\n                <\/div>\n\n                            <div class=\"elementskit-client-slider-item\">\n                    <div class=\"single-client image-switcher\" title=\"\">\n                        \n                            <div class=\"content-image\">\n\n                                <img src=\"https:\/\/www.lemoine-cie.net\/wp-content\/uploads\/2020\/05\/ace.jpg\" alt=\"ace\" class=\"\">\n                                                            <\/div>\n\n                        \n                    <\/div>\n                <\/div>\n\n                            <div class=\"elementskit-client-slider-item\">\n                    <div class=\"single-client image-switcher\" title=\"\">\n                        \n                            <div class=\"content-image\">\n\n                                <img src=\"https:\/\/www.lemoine-cie.net\/wp-content\/uploads\/2020\/05\/part_1.png\" alt=\"FIATA\" class=\"\">\n                                                            <\/div>\n\n                        \n                    <\/div>\n                <\/div>\n\n                            <div class=\"elementskit-client-slider-item\">\n                    <div class=\"single-client image-switcher\" title=\"\">\n                        \n                            <div class=\"content-image\">\n\n                                <img src=\"https:\/\/www.lemoine-cie.net\/wp-content\/uploads\/2020\/05\/part_2.png\" alt=\"VANGUARD\" class=\"\">\n                                                            <\/div>\n\n                        \n                    <\/div>\n                <\/div>\n\n                            <div class=\"elementskit-client-slider-item\">\n                    <div class=\"single-client image-switcher\" title=\"\">\n                        \n                            <div class=\"content-image\">\n\n                                <img src=\"https:\/\/www.lemoine-cie.net\/wp-content\/uploads\/2020\/05\/part_3.png\" alt=\"part_3\" class=\"\">\n                                                            <\/div>\n\n                        \n                    <\/div>\n                <\/div>\n\n                            <div class=\"elementskit-client-slider-item\">\n                    <div class=\"single-client image-switcher\" title=\"\">\n                        \n                            <div class=\"content-image\">\n\n                                <img src=\"https:\/\/www.lemoine-cie.net\/wp-content\/uploads\/2020\/05\/part_4.png\" alt=\"part_4\" class=\"\">\n                                                            <\/div>\n\n                        \n                    <\/div>\n                <\/div>\n\n                            <div class=\"elementskit-client-slider-item\">\n                    <div class=\"single-client image-switcher\" title=\"\">\n                        \n                            <div class=\"content-image\">\n\n                                <img src=\"https:\/\/www.lemoine-cie.net\/wp-content\/uploads\/2020\/05\/part_5.png\" alt=\"GTO\" class=\"\">\n                                                            <\/div>\n\n                        \n                    <\/div>\n                <\/div>\n\n                            <div class=\"elementskit-client-slider-item\">\n                    <div class=\"single-client image-switcher\" title=\"\">\n                        \n                            <div class=\"content-image\">\n\n                                <img src=\"https:\/\/www.lemoine-cie.net\/wp-content\/uploads\/2020\/05\/part_6.png\" alt=\"part_6\" class=\"\">\n                                                            <\/div>\n\n                        \n                    <\/div>\n                <\/div>\n\n            \n        <\/div><!-- .elementskit-clients-slider END -->\n\n   <\/div>\t\t<\/div>\n\t\t\t\t<\/div>\n\t\t\t\t\t\t<\/div>\n\t\t\t\t\t<\/div>\n\t\t<\/div>\n\t\t\t\t\t\t\t\t<\/div>\n\t\t\t\t\t<\/div>\n\t\t<\/section>\n\t\t\t\t\t\t<\/div>\n\t\t\t\t\t\t<\/div>\n\t\t\t\t\t<\/div>","protected":false},"excerpt":{"rendered":"<p>LEMOINE &#038; CIE QUI SOMMES NOUS Situ\u00e9 dans la zone portuaire de Cotonou, capitale \u00e9conomique du B\u00e9nin, LEMOINE &amp; Cie SA est une entreprise sp\u00e9cialis\u00e9e dans le transit et la gestion des transports internationaux de marchandises par voie maritime, a\u00e9rienne et terrestre. La soci\u00e9t\u00e9 qui figure parmi les plus anciens transitaires du pays fut cr\u00e9\u00e9 [&hellip;]<\/p>","protected":false},"author":1,"featured_media":0,"parent":0,"menu_order":0,"comment_status":"closed","ping_status":"closed","template":"","meta":[],"_links":{"self":[{"href":"https:\/\/www.lemoine-cie.net\/en\/wp-json\/wp\/v2\/pages\/170"}],"collection":[{"href":"https:\/\/www.lemoine-cie.net\/en\/wp-json\/wp\/v2\/pages"}],"about":[{"href":"https:\/\/www.lemoine-cie.net\/en\/wp-json\/wp\/v2\/types\/page"}],"author":[{"embeddable":true,"href":"https:\/\/www.lemoine-cie.net\/en\/wp-json\/wp\/v2\/users\/1"}],"replies":[{"embeddable":true,"href":"https:\/\/www.lemoine-cie.net\/en\/wp-json\/wp\/v2\/comments?post=170"}],"version-history":[{"count":40,"href":"https:\/\/www.lemoine-cie.net\/en\/wp-json\/wp\/v2\/pages\/170\/revisions"}],"predecessor-version":[{"id":697,"href":"https:\/\/www.lemoine-cie.net\/en\/wp-json\/wp\/v2\/pages\/170\/revisions\/697"}],"wp:attachment":[{"href":"https:\/\/www.lemoine-cie.net\/en\/wp-json\/wp\/v2\/media?parent=170"}],"curies":[{"name":"wp","href":"https:\/\/api.w.org\/{rel}","templated":true}]}}