{"id":212,"date":"2020-05-10T15:37:26","date_gmt":"2020-05-10T13:37:26","guid":{"rendered":"https:\/\/www.lemoine-cie.net\/lemoine\/?page_id=212"},"modified":"2020-07-09T21:00:35","modified_gmt":"2020-07-09T19:00:35","slug":"services","status":"publish","type":"page","link":"https:\/\/www.lemoine-cie.net\/en\/services\/","title":{"rendered":"Services"},"content":{"rendered":"<div data-elementor-type=\"wp-page\" data-elementor-id=\"212\" class=\"elementor elementor-212\" data-elementor-settings=\"[]\">\n\t\t\t\t\t\t<div class=\"elementor-inner\">\n\t\t\t\t\t\t\t<div class=\"elementor-section-wrap\">\n\t\t\t\t\t\t\t<section class=\"elementor-section elementor-top-section elementor-element elementor-element-608a4ebb elementor-section-height-min-height elementor-section-boxed elementor-section-height-default elementor-section-items-middle\" data-id=\"608a4ebb\" data-element_type=\"section\" data-settings=\"{&quot;background_background&quot;:&quot;classic&quot;,&quot;ekit_has_onepagescroll_dot&quot;:&quot;yes&quot;}\">\n\t\t\t\t\t\t\t<div class=\"elementor-background-overlay\"><\/div>\n\t\t\t\t\t\t\t<div class=\"elementor-container elementor-column-gap-default\">\n\t\t\t\t\t\t\t<div class=\"elementor-row\">\n\t\t\t\t\t<div class=\"elementor-column elementor-col-100 elementor-top-column elementor-element elementor-element-299bb09b\" data-id=\"299bb09b\" data-element_type=\"column\">\n\t\t\t<div class=\"elementor-column-wrap elementor-element-populated\">\n\t\t\t\t\t\t\t<div class=\"elementor-widget-wrap\">\n\t\t\t\t\t\t<div class=\"elementor-element elementor-element-6203de5f elementor-widget__width-initial elementor-widget elementor-widget-heading\" data-id=\"6203de5f\" data-element_type=\"widget\" data-widget_type=\"heading.default\">\n\t\t\t\t<div class=\"elementor-widget-container\">\n\t\t\t<h2 class=\"elementor-heading-title elementor-size-default\">SERVICES<\/h2>\t\t<\/div>\n\t\t\t\t<\/div>\n\t\t\t\t\t\t<\/div>\n\t\t\t\t\t<\/div>\n\t\t<\/div>\n\t\t\t\t\t\t\t\t<\/div>\n\t\t\t\t\t<\/div>\n\t\t<\/section>\n\t\t\t\t<section class=\"elementor-section elementor-top-section elementor-element elementor-element-34bba90 elementor-section-boxed elementor-section-height-default elementor-section-height-default\" data-id=\"34bba90\" data-element_type=\"section\" data-settings=\"{&quot;ekit_has_onepagescroll_dot&quot;:&quot;yes&quot;}\">\n\t\t\t\t\t\t<div class=\"elementor-container elementor-column-gap-default\">\n\t\t\t\t\t\t\t<div class=\"elementor-row\">\n\t\t\t\t\t<div class=\"elementor-column elementor-col-100 elementor-top-column elementor-element elementor-element-d2dfc1d\" data-id=\"d2dfc1d\" data-element_type=\"column\">\n\t\t\t<div class=\"elementor-column-wrap elementor-element-populated\">\n\t\t\t\t\t\t\t<div class=\"elementor-widget-wrap\">\n\t\t\t\t\t\t<div class=\"elementor-element elementor-element-e235f80 elementor-widget elementor-widget-wp-widget-bcn_widget\" data-id=\"e235f80\" data-element_type=\"widget\" data-widget_type=\"wp-widget-bcn_widget.default\">\n\t\t\t\t<div class=\"elementor-widget-container\">\n\t\t\t<div class=\"breadcrumbs\" vocab=\"https:\/\/schema.org\/\" typeof=\"BreadcrumbList\"><!-- Breadcrumb NavXT 6.6.0 -->\n<span property=\"itemListElement\" typeof=\"ListItem\"><a property=\"item\" typeof=\"WebPage\" title=\"Go to Lemoine &amp; Cie.\" href=\"https:\/\/www.lemoine-cie.net\/en\/\" class=\"home\" aria-current=\"page\"><span property=\"name\">Lemoine &amp; Cie<\/span><\/a><meta property=\"position\" content=\"1\"><\/span><\/div>\t\t<\/div>\n\t\t\t\t<\/div>\n\t\t\t\t\t\t<\/div>\n\t\t\t\t\t<\/div>\n\t\t<\/div>\n\t\t\t\t\t\t\t\t<\/div>\n\t\t\t\t\t<\/div>\n\t\t<\/section>\n\t\t\t\t<section class=\"elementor-section elementor-top-section elementor-element elementor-element-c461cbd elementor-section-boxed elementor-section-height-default elementor-section-height-default\" data-id=\"c461cbd\" data-element_type=\"section\" data-settings=\"{&quot;ekit_has_onepagescroll_dot&quot;:&quot;yes&quot;}\">\n\t\t\t\t\t\t<div class=\"elementor-container elementor-column-gap-default\">\n\t\t\t\t\t\t\t<div class=\"elementor-row\">\n\t\t\t\t\t<div class=\"elementor-column elementor-col-66 elementor-top-column elementor-element elementor-element-1a7aba7\" data-id=\"1a7aba7\" data-element_type=\"column\">\n\t\t\t<div class=\"elementor-column-wrap elementor-element-populated\">\n\t\t\t\t\t\t\t<div class=\"elementor-widget-wrap\">\n\t\t\t\t\t\t<div class=\"elementor-element elementor-element-16f11828 elementor-widget elementor-widget-heading\" data-id=\"16f11828\" data-element_type=\"widget\" data-widget_type=\"heading.default\">\n\t\t\t\t<div class=\"elementor-widget-container\">\n\t\t\t<h2 class=\"elementor-heading-title elementor-size-default\">TRANSIT & CONSIGNMENT<\/h2>\t\t<\/div>\n\t\t\t\t<\/div>\n\t\t\t\t<div class=\"elementor-element elementor-element-f879002 elementor-widget-divider--view-line elementor-widget elementor-widget-divider\" data-id=\"f879002\" data-element_type=\"widget\" data-widget_type=\"divider.default\">\n\t\t\t\t<div class=\"elementor-widget-container\">\n\t\t\t\t\t<div class=\"elementor-divider\">\n\t\t\t<span class=\"elementor-divider-separator\">\n\t\t\t\t\t\t<\/span>\n\t\t<\/div>\n\t\t\t\t<\/div>\n\t\t\t\t<\/div>\n\t\t\t\t<div class=\"elementor-element elementor-element-755a45f elementor-widget elementor-widget-text-editor\" data-id=\"755a45f\" data-element_type=\"widget\" data-widget_type=\"text-editor.default\">\n\t\t\t\t<div class=\"elementor-widget-container\">\n\t\t\t\t\t<div class=\"elementor-text-editor elementor-clearfix\"><p>As an approved customs agent, LEMOINE & Cie S.A. carries out on your behalf all customs formalities and declarations relating to your goods, whatever their nature and origin. Our qualified agents and experienced customs clerks ensure a fast and efficient processing of your orders.<\/p><\/div>\n\t\t\t\t<\/div>\n\t\t\t\t<\/div>\n\t\t\t\t<div class=\"elementor-element elementor-element-91a3d22 elementor-widget elementor-widget-image\" data-id=\"91a3d22\" data-element_type=\"widget\" data-widget_type=\"image.default\">\n\t\t\t\t<div class=\"elementor-widget-container\">\n\t\t\t\t\t<div class=\"elementor-image\">\n\t\t\t\t\t\t\t\t\t\t<img width=\"700\" height=\"377\" src=\"https:\/\/www.lemoine-cie.net\/wp-content\/uploads\/2020\/06\/367fcfa2-5cb5-4212-9dc4-f68c71125939.jpg\" class=\"attachment-full size-full\" alt=\"\" loading=\"lazy\" srcset=\"https:\/\/www.lemoine-cie.net\/wp-content\/uploads\/2020\/06\/367fcfa2-5cb5-4212-9dc4-f68c71125939.jpg 700w, https:\/\/www.lemoine-cie.net\/wp-content\/uploads\/2020\/06\/367fcfa2-5cb5-4212-9dc4-f68c71125939-300x162.jpg 300w\" sizes=\"(max-width: 700px) 100vw, 700px\" \/>\t\t\t\t\t\t\t\t\t\t\t<\/div>\n\t\t\t\t<\/div>\n\t\t\t\t<\/div>\n\t\t\t\t<div class=\"elementor-element elementor-element-4606736 elementor-widget elementor-widget-text-editor\" data-id=\"4606736\" data-element_type=\"widget\" data-widget_type=\"text-editor.default\">\n\t\t\t\t<div class=\"elementor-widget-container\">\n\t\t\t\t\t<div class=\"elementor-text-editor elementor-clearfix\"><p>The experience, the dynamism of the agents and the quality of the equipment make LEMOINE & Cie the number 1 in transit in Benin.<\/p><ul><li><div align=\"justify\">Oil Ships<\/div><\/li><li><div align=\"justify\">Vehicle carrier vessels<\/div><\/li><li><div align=\"justify\">Conventional vessels<\/div><\/li><li><div align=\"justify\">Container ships<\/div><\/li><li><div align=\"justify\">Refrigerated vessels<\/div><\/li><li><div align=\"justify\">Fishing Vessels<\/div><\/li><li><div align=\"justify\">Oil research vessels<\/div><\/li><\/ul><p>LEMOINE & Cie also offers various services to ships: supply of food and fuel, taking care of crews during loading, etc...<\/p><\/div>\n\t\t\t\t<\/div>\n\t\t\t\t<\/div>\n\t\t\t\t\t\t<\/div>\n\t\t\t\t\t<\/div>\n\t\t<\/div>\n\t\t\t\t<div class=\"elementor-column elementor-col-33 elementor-top-column elementor-element elementor-element-708dc95\" data-id=\"708dc95\" data-element_type=\"column\">\n\t\t\t<div class=\"elementor-column-wrap elementor-element-populated\">\n\t\t\t\t\t\t\t<div class=\"elementor-widget-wrap\">\n\t\t\t\t\t\t<section class=\"elementor-section elementor-inner-section elementor-element elementor-element-c0c45fe elementor-section-boxed elementor-section-height-default elementor-section-height-default\" data-id=\"c0c45fe\" data-element_type=\"section\" data-settings=\"{&quot;background_background&quot;:&quot;classic&quot;,&quot;ekit_has_onepagescroll_dot&quot;:&quot;yes&quot;}\">\n\t\t\t\t\t\t<div class=\"elementor-container elementor-column-gap-default\">\n\t\t\t\t\t\t\t<div class=\"elementor-row\">\n\t\t\t\t\t<div class=\"elementor-column elementor-col-100 elementor-inner-column elementor-element elementor-element-9ce232e\" data-id=\"9ce232e\" data-element_type=\"column\" data-settings=\"{&quot;background_background&quot;:&quot;classic&quot;}\">\n\t\t\t<div class=\"elementor-column-wrap elementor-element-populated\">\n\t\t\t\t\t\t\t<div class=\"elementor-widget-wrap\">\n\t\t\t\t\t\t<div class=\"elementor-element elementor-element-d737c19 elementor-widget elementor-widget-wp-widget-nav_menu\" data-id=\"d737c19\" data-element_type=\"widget\" id=\"menu_service\" data-widget_type=\"wp-widget-nav_menu.default\">\n\t\t\t\t<div class=\"elementor-widget-container\">\n\t\t\t<h5>Other services<\/h5><div class=\"menu-m_service-container\"><ul id=\"menu-m_service\" class=\"menu\"><li id=\"menu-item-287\" class=\"menu-item menu-item-type-post_type menu-item-object-page menu-item-287\"><a href=\"https:\/\/www.lemoine-cie.net\/en\/services\/\">Transit & Consignment<\/a><\/li>\n<li id=\"menu-item-290\" class=\"menu-item menu-item-type-post_type menu-item-object-page menu-item-290\"><a href=\"https:\/\/www.lemoine-cie.net\/en\/services\/transport-logistics\/\">Transport & Logistics<\/a><\/li>\n<li id=\"menu-item-289\" class=\"menu-item menu-item-type-post_type menu-item-object-page menu-item-289\"><a href=\"https:\/\/www.lemoine-cie.net\/en\/services\/fret-maritime-et-aerien\/\">Sea and air freight<\/a><\/li>\n<li id=\"menu-item-288\" class=\"menu-item menu-item-type-post_type menu-item-object-page menu-item-288\"><a href=\"https:\/\/www.lemoine-cie.net\/en\/services\/inspection-expertise-maritime\/\">Marine Inspection & Survey<\/a><\/li>\n<\/ul><\/div>\t\t<\/div>\n\t\t\t\t<\/div>\n\t\t\t\t\t\t<\/div>\n\t\t\t\t\t<\/div>\n\t\t<\/div>\n\t\t\t\t\t\t\t\t<\/div>\n\t\t\t\t\t<\/div>\n\t\t<\/section>\n\t\t\t\t<section class=\"elementor-section elementor-inner-section elementor-element elementor-element-11d02ef elementor-section-boxed elementor-section-height-default elementor-section-height-default\" data-id=\"11d02ef\" data-element_type=\"section\" data-settings=\"{&quot;ekit_has_onepagescroll_dot&quot;:&quot;yes&quot;}\">\n\t\t\t\t\t\t<div class=\"elementor-container elementor-column-gap-default\">\n\t\t\t\t\t\t\t<div class=\"elementor-row\">\n\t\t\t\t\t<div class=\"elementor-column elementor-col-100 elementor-inner-column elementor-element elementor-element-243ded6\" data-id=\"243ded6\" data-element_type=\"column\" data-settings=\"{&quot;background_background&quot;:&quot;classic&quot;}\">\n\t\t\t<div class=\"elementor-column-wrap elementor-element-populated\">\n\t\t\t\t\t\t\t<div class=\"elementor-widget-wrap\">\n\t\t\t\t\t\t<div class=\"elementor-element elementor-element-be123d1 t_horraire elementor-widget elementor-widget-heading\" data-id=\"be123d1\" data-element_type=\"widget\" data-widget_type=\"heading.default\">\n\t\t\t\t<div class=\"elementor-widget-container\">\n\t\t\t<h5 class=\"elementor-heading-title elementor-size-default\">Our opening hours<\/h5>\t\t<\/div>\n\t\t\t\t<\/div>\n\t\t\t\t<div class=\"elementor-element elementor-element-b8e3144 elementor-widget elementor-widget-elementskit-business-hours\" data-id=\"b8e3144\" data-element_type=\"widget\" data-widget_type=\"elementskit-business-hours.default\">\n\t\t\t\t<div class=\"elementor-widget-container\">\n\t\t\t<div class=\"ekit-wid-con\" >\t\t<div class=\"ekit-business-hours-inner\">\n\t\t\t\t\t\t<div class=\"ekit-single-day elementor-repeater-item-27a7187\">\n\t\t\t\t\t\t\t\t<span class=\"ekit-business-day\">Lundi<\/span>\n\t\t\t\t\t\t\t\t<span class=\"ekit-business-time\">8h - 12h30mn \/ 15h - 18h30mn<\/span>\n\t\t\t\t\t\t\t<\/div>\n\t\t\t\t\t\t<div class=\"ekit-single-day elementor-repeater-item-39d946d\">\n\t\t\t\t\t\t\t\t<span class=\"ekit-business-day\">Mardi<\/span>\n\t\t\t\t\t\t\t\t<span class=\"ekit-business-time\">8h - 12h30mn \/ 15h - 18h30mn<\/span>\n\t\t\t\t\t\t\t<\/div>\n\t\t\t\t\t\t<div class=\"ekit-single-day elementor-repeater-item-de87cd8\">\n\t\t\t\t\t\t\t\t<span class=\"ekit-business-day\">Mercredi<\/span>\n\t\t\t\t\t\t\t\t<span class=\"ekit-business-time\">8h - 12h30mn \/ 15h - 18h30mn<\/span>\n\t\t\t\t\t\t\t<\/div>\n\t\t\t\t\t\t<div class=\"ekit-single-day elementor-repeater-item-e91a921\">\n\t\t\t\t\t\t\t\t<span class=\"ekit-business-day\">Jeudi<\/span>\n\t\t\t\t\t\t\t\t<span class=\"ekit-business-time\">8h - 12h30mn \/ 15h - 18h30mn<\/span>\n\t\t\t\t\t\t\t<\/div>\n\t\t\t\t\t\t<div class=\"ekit-single-day elementor-repeater-item-73f6ba8\">\n\t\t\t\t\t\t\t\t<span class=\"ekit-business-day\">Vendredi<\/span>\n\t\t\t\t\t\t\t\t<span class=\"ekit-business-time\">8h - 12h30mn \/ 15h - 18h30mn<\/span>\n\t\t\t\t\t\t\t<\/div>\n\t\t\t\t\t<\/div>\n        <\/div>\t\t<\/div>\n\t\t\t\t<\/div>\n\t\t\t\t\t\t<\/div>\n\t\t\t\t\t<\/div>\n\t\t<\/div>\n\t\t\t\t\t\t\t\t<\/div>\n\t\t\t\t\t<\/div>\n\t\t<\/section>\n\t\t\t\t<section class=\"elementor-section elementor-inner-section elementor-element elementor-element-1beccfb elementor-section-boxed elementor-section-height-default elementor-section-height-default\" data-id=\"1beccfb\" data-element_type=\"section\" data-settings=\"{&quot;ekit_has_onepagescroll_dot&quot;:&quot;yes&quot;}\">\n\t\t\t\t\t\t<div class=\"elementor-container elementor-column-gap-default\">\n\t\t\t\t\t\t\t<div class=\"elementor-row\">\n\t\t\t\t\t<div class=\"elementor-column elementor-col-100 elementor-inner-column elementor-element elementor-element-2f8a6c6\" data-id=\"2f8a6c6\" data-element_type=\"column\" data-settings=\"{&quot;background_background&quot;:&quot;classic&quot;}\">\n\t\t\t<div class=\"elementor-column-wrap elementor-element-populated\">\n\t\t\t\t\t\t\t<div class=\"elementor-widget-wrap\">\n\t\t\t\t\t\t<div class=\"elementor-element elementor-element-34473c0 elementor-widget elementor-widget-image\" data-id=\"34473c0\" data-element_type=\"widget\" data-widget_type=\"image.default\">\n\t\t\t\t<div class=\"elementor-widget-container\">\n\t\t\t\t\t<div class=\"elementor-image\">\n\t\t\t\t\t\t\t\t\t\t<img width=\"202\" height=\"140\" src=\"https:\/\/www.lemoine-cie.net\/wp-content\/uploads\/2020\/05\/navire.png\" class=\"attachment-full size-full\" alt=\"Pr\u00e9vision des navires\" loading=\"lazy\" \/>\t\t\t\t\t\t\t\t\t\t\t<\/div>\n\t\t\t\t<\/div>\n\t\t\t\t<\/div>\n\t\t\t\t<div class=\"elementor-element elementor-element-70b4d6d elementor-widget elementor-widget-text-editor\" data-id=\"70b4d6d\" data-element_type=\"widget\" data-widget_type=\"text-editor.default\">\n\t\t\t\t<div class=\"elementor-widget-container\">\n\t\t\t\t\t<div class=\"elementor-text-editor elementor-clearfix\"><p>See the ship forecast<\/p><\/div>\n\t\t\t\t<\/div>\n\t\t\t\t<\/div>\n\t\t\t\t\t\t<\/div>\n\t\t\t\t\t<\/div>\n\t\t<\/div>\n\t\t\t\t\t\t\t\t<\/div>\n\t\t\t\t\t<\/div>\n\t\t<\/section>\n\t\t\t\t\t\t<\/div>\n\t\t\t\t\t<\/div>\n\t\t<\/div>\n\t\t\t\t\t\t\t\t<\/div>\n\t\t\t\t\t<\/div>\n\t\t<\/section>\n\t\t\t\t<section class=\"elementor-section elementor-top-section elementor-element elementor-element-385161eb elementor-section-boxed elementor-section-height-default elementor-section-height-default\" data-id=\"385161eb\" data-element_type=\"section\" data-settings=\"{&quot;ekit_has_onepagescroll_dot&quot;:&quot;yes&quot;}\">\n\t\t\t\t\t\t<div class=\"elementor-container elementor-column-gap-default\">\n\t\t\t\t\t\t\t<div class=\"elementor-row\">\n\t\t\t\t\t<div class=\"elementor-column elementor-col-100 elementor-top-column elementor-element elementor-element-c7a8ac4\" data-id=\"c7a8ac4\" data-element_type=\"column\">\n\t\t\t<div class=\"elementor-column-wrap elementor-element-populated\">\n\t\t\t\t\t\t\t<div class=\"elementor-widget-wrap\">\n\t\t\t\t\t\t<div class=\"elementor-element elementor-element-7b0d19bf elementor-widget elementor-widget-heading\" data-id=\"7b0d19bf\" data-element_type=\"widget\" data-widget_type=\"heading.default\">\n\t\t\t\t<div class=\"elementor-widget-container\">\n\t\t\t<h2 class=\"elementor-heading-title elementor-size-default\">OUR PARTNERS<\/h2>\t\t<\/div>\n\t\t\t\t<\/div>\n\t\t\t\t<div class=\"elementor-element elementor-element-158bc902 elementor-widget-divider--view-line elementor-widget elementor-widget-divider\" data-id=\"158bc902\" data-element_type=\"widget\" data-widget_type=\"divider.default\">\n\t\t\t\t<div class=\"elementor-widget-container\">\n\t\t\t\t\t<div class=\"elementor-divider\">\n\t\t\t<span class=\"elementor-divider-separator\">\n\t\t\t\t\t\t<\/span>\n\t\t<\/div>\n\t\t\t\t<\/div>\n\t\t\t\t<\/div>\n\t\t\t\t<div class=\"elementor-element elementor-element-2778976a elementor-widget elementor-widget-elementskit-client-logo\" data-id=\"2778976a\" data-element_type=\"widget\" data-widget_type=\"elementskit-client-logo.default\">\n\t\t\t\t<div class=\"elementor-widget-container\">\n\t\t\t<div class=\"ekit-wid-con\" >        \n        <div class=\"elementskit-clients-slider simple_logo_image\" data-config=\"{&quot;rtl&quot;:false,&quot;arrows&quot;:false,&quot;dots&quot;:false,&quot;pauseOnHover&quot;:true,&quot;prevArrow&quot;:&quot;&quot;,&quot;nextArrow&quot;:&quot;&quot;,&quot;autoplay&quot;:true,&quot;autoplaySpeed&quot;:5000,&quot;infinite&quot;:true,&quot;slidesToShow&quot;:4,&quot;slidesToScroll&quot;:1,&quot;rows&quot;:1,&quot;responsive&quot;:[{&quot;breakpoint&quot;:1024,&quot;settings&quot;:{&quot;slidesToShow&quot;:2,&quot;slidesToScroll&quot;:1}},{&quot;breakpoint&quot;:480,&quot;settings&quot;:{&quot;slidesToShow&quot;:1,&quot;slidesToScroll&quot;:1},&quot;arrows&quot;:false}]}\" data-direction=\"\">\n\n                            <div class=\"elementskit-client-slider-item\">\n                    <div class=\"single-client image-switcher\" title=\"\">\n                        \n                            <div class=\"content-image\">\n\n                                <img src=\"https:\/\/www.lemoine-cie.net\/wp-content\/uploads\/2020\/05\/DSV_Logo.svg.png\" alt=\"DSV\" class=\"\">\n                                                            <\/div>\n\n                        \n                    <\/div>\n                <\/div>\n\n                            <div class=\"elementskit-client-slider-item\">\n                    <div class=\"single-client image-switcher\" title=\"\">\n                        \n                            <div class=\"content-image\">\n\n                                <img src=\"https:\/\/www.lemoine-cie.net\/wp-content\/uploads\/2020\/05\/ace.jpg\" alt=\"ace\" class=\"\">\n                                                            <\/div>\n\n                        \n                    <\/div>\n                <\/div>\n\n                            <div class=\"elementskit-client-slider-item\">\n                    <div class=\"single-client image-switcher\" title=\"\">\n                        \n                            <div class=\"content-image\">\n\n                                <img src=\"https:\/\/www.lemoine-cie.net\/wp-content\/uploads\/2020\/05\/part_1.png\" alt=\"FIATA\" class=\"\">\n                                                            <\/div>\n\n                        \n                    <\/div>\n                <\/div>\n\n                            <div class=\"elementskit-client-slider-item\">\n                    <div class=\"single-client image-switcher\" title=\"\">\n                        \n                            <div class=\"content-image\">\n\n                                <img src=\"https:\/\/www.lemoine-cie.net\/wp-content\/uploads\/2020\/05\/part_2.png\" alt=\"VANGUARD\" class=\"\">\n                                                            <\/div>\n\n                        \n                    <\/div>\n                <\/div>\n\n                            <div class=\"elementskit-client-slider-item\">\n                    <div class=\"single-client image-switcher\" title=\"\">\n                        \n                            <div class=\"content-image\">\n\n                                <img src=\"https:\/\/www.lemoine-cie.net\/wp-content\/uploads\/2020\/05\/part_3.png\" alt=\"part_3\" class=\"\">\n                                                            <\/div>\n\n                        \n                    <\/div>\n                <\/div>\n\n                            <div class=\"elementskit-client-slider-item\">\n                    <div class=\"single-client image-switcher\" title=\"\">\n                        \n                            <div class=\"content-image\">\n\n                                <img src=\"https:\/\/www.lemoine-cie.net\/wp-content\/uploads\/2020\/05\/part_4.png\" alt=\"part_4\" class=\"\">\n                                                            <\/div>\n\n                        \n                    <\/div>\n                <\/div>\n\n                            <div class=\"elementskit-client-slider-item\">\n                    <div class=\"single-client image-switcher\" title=\"\">\n                        \n                            <div class=\"content-image\">\n\n                                <img src=\"https:\/\/www.lemoine-cie.net\/wp-content\/uploads\/2020\/05\/part_5.png\" alt=\"GTO\" class=\"\">\n                                                            <\/div>\n\n                        \n                    <\/div>\n                <\/div>\n\n                            <div class=\"elementskit-client-slider-item\">\n                    <div class=\"single-client image-switcher\" title=\"\">\n                        \n                            <div class=\"content-image\">\n\n                                <img src=\"https:\/\/www.lemoine-cie.net\/wp-content\/uploads\/2020\/05\/part_6.png\" alt=\"part_6\" class=\"\">\n                                                            <\/div>\n\n                        \n                    <\/div>\n                <\/div>\n\n            \n        <\/div><!-- .elementskit-clients-slider END -->\n\n   <\/div>\t\t<\/div>\n\t\t\t\t<\/div>\n\t\t\t\t\t\t<\/div>\n\t\t\t\t\t<\/div>\n\t\t<\/div>\n\t\t\t\t\t\t\t\t<\/div>\n\t\t\t\t\t<\/div>\n\t\t<\/section>\n\t\t\t\t\t\t<\/div>\n\t\t\t\t\t\t<\/div>\n\t\t\t\t\t<\/div>","protected":false},"excerpt":{"rendered":"<p>SERVICES TRANSIT &#038; CONSIGNATION Commissionnaire agr\u00e9\u00e9 en douane, LEMOINE &amp; Cie S.A. r\u00e9alise pour votre compte l\u2019ensemble\u00a0 des formalit\u00e9s et d\u00e9claration douani\u00e8res relatives \u00e0 vos marchandises, quelles que soient leur nature et leur provenance. Nos agents qualifi\u00e9s et nos commis en douane exp\u00e9riment\u00e9s assurent un traitement rapide et efficace de vos commandes. L\u2019exp\u00e9rience, le dynamisme [&hellip;]<\/p>","protected":false},"author":1,"featured_media":0,"parent":0,"menu_order":0,"comment_status":"closed","ping_status":"closed","template":"","meta":[],"_links":{"self":[{"href":"https:\/\/www.lemoine-cie.net\/en\/wp-json\/wp\/v2\/pages\/212"}],"collection":[{"href":"https:\/\/www.lemoine-cie.net\/en\/wp-json\/wp\/v2\/pages"}],"about":[{"href":"https:\/\/www.lemoine-cie.net\/en\/wp-json\/wp\/v2\/types\/page"}],"author":[{"embeddable":true,"href":"https:\/\/www.lemoine-cie.net\/en\/wp-json\/wp\/v2\/users\/1"}],"replies":[{"embeddable":true,"href":"https:\/\/www.lemoine-cie.net\/en\/wp-json\/wp\/v2\/comments?post=212"}],"version-history":[{"count":62,"href":"https:\/\/www.lemoine-cie.net\/en\/wp-json\/wp\/v2\/pages\/212\/revisions"}],"predecessor-version":[{"id":701,"href":"https:\/\/www.lemoine-cie.net\/en\/wp-json\/wp\/v2\/pages\/212\/revisions\/701"}],"wp:attachment":[{"href":"https:\/\/www.lemoine-cie.net\/en\/wp-json\/wp\/v2\/media?parent=212"}],"curies":[{"name":"wp","href":"https:\/\/api.w.org\/{rel}","templated":true}]}}