{"id":265,"date":"2020-05-12T17:59:46","date_gmt":"2020-05-12T15:59:46","guid":{"rendered":"https:\/\/www.lemoine-cie.net\/lemoine\/?page_id=265"},"modified":"2020-07-09T21:03:33","modified_gmt":"2020-07-09T19:03:33","slug":"transport-logistics","status":"publish","type":"page","link":"https:\/\/www.lemoine-cie.net\/en\/services\/transport-logistics\/","title":{"rendered":"Transport &#038; Logistics"},"content":{"rendered":"<div data-elementor-type=\"wp-page\" data-elementor-id=\"265\" class=\"elementor elementor-265\" data-elementor-settings=\"[]\">\n\t\t\t\t\t\t<div class=\"elementor-inner\">\n\t\t\t\t\t\t\t<div class=\"elementor-section-wrap\">\n\t\t\t\t\t\t\t<section class=\"elementor-section elementor-top-section elementor-element elementor-element-608a4ebb elementor-section-height-min-height elementor-section-boxed elementor-section-height-default elementor-section-items-middle\" data-id=\"608a4ebb\" data-element_type=\"section\" data-settings=\"{&quot;background_background&quot;:&quot;classic&quot;,&quot;ekit_has_onepagescroll_dot&quot;:&quot;yes&quot;}\">\n\t\t\t\t\t\t\t<div class=\"elementor-background-overlay\"><\/div>\n\t\t\t\t\t\t\t<div class=\"elementor-container elementor-column-gap-default\">\n\t\t\t\t\t\t\t<div class=\"elementor-row\">\n\t\t\t\t\t<div class=\"elementor-column elementor-col-100 elementor-top-column elementor-element elementor-element-299bb09b\" data-id=\"299bb09b\" data-element_type=\"column\">\n\t\t\t<div class=\"elementor-column-wrap elementor-element-populated\">\n\t\t\t\t\t\t\t<div class=\"elementor-widget-wrap\">\n\t\t\t\t\t\t<div class=\"elementor-element elementor-element-6203de5f elementor-widget__width-initial elementor-widget elementor-widget-heading\" data-id=\"6203de5f\" data-element_type=\"widget\" data-widget_type=\"heading.default\">\n\t\t\t\t<div class=\"elementor-widget-container\">\n\t\t\t<h2 class=\"elementor-heading-title elementor-size-default\">SERVICES<\/h2>\t\t<\/div>\n\t\t\t\t<\/div>\n\t\t\t\t\t\t<\/div>\n\t\t\t\t\t<\/div>\n\t\t<\/div>\n\t\t\t\t\t\t\t\t<\/div>\n\t\t\t\t\t<\/div>\n\t\t<\/section>\n\t\t\t\t<section class=\"elementor-section elementor-top-section elementor-element elementor-element-34bba90 elementor-section-boxed elementor-section-height-default elementor-section-height-default\" data-id=\"34bba90\" data-element_type=\"section\" data-settings=\"{&quot;ekit_has_onepagescroll_dot&quot;:&quot;yes&quot;}\">\n\t\t\t\t\t\t<div class=\"elementor-container elementor-column-gap-default\">\n\t\t\t\t\t\t\t<div class=\"elementor-row\">\n\t\t\t\t\t<div class=\"elementor-column elementor-col-100 elementor-top-column elementor-element elementor-element-d2dfc1d\" data-id=\"d2dfc1d\" data-element_type=\"column\">\n\t\t\t<div class=\"elementor-column-wrap elementor-element-populated\">\n\t\t\t\t\t\t\t<div class=\"elementor-widget-wrap\">\n\t\t\t\t\t\t<div class=\"elementor-element elementor-element-e235f80 elementor-widget elementor-widget-wp-widget-bcn_widget\" data-id=\"e235f80\" data-element_type=\"widget\" data-widget_type=\"wp-widget-bcn_widget.default\">\n\t\t\t\t<div class=\"elementor-widget-container\">\n\t\t\t<div class=\"breadcrumbs\" vocab=\"https:\/\/schema.org\/\" typeof=\"BreadcrumbList\"><!-- Breadcrumb NavXT 6.6.0 -->\n<span property=\"itemListElement\" typeof=\"ListItem\"><a property=\"item\" typeof=\"WebPage\" title=\"Go to Lemoine &amp; Cie.\" href=\"https:\/\/www.lemoine-cie.net\/en\/\" class=\"home\" aria-current=\"page\"><span property=\"name\">Lemoine &amp; Cie<\/span><\/a><meta property=\"position\" content=\"1\"><\/span><\/div>\t\t<\/div>\n\t\t\t\t<\/div>\n\t\t\t\t\t\t<\/div>\n\t\t\t\t\t<\/div>\n\t\t<\/div>\n\t\t\t\t\t\t\t\t<\/div>\n\t\t\t\t\t<\/div>\n\t\t<\/section>\n\t\t\t\t<section class=\"elementor-section elementor-top-section elementor-element elementor-element-c461cbd elementor-section-boxed elementor-section-height-default elementor-section-height-default\" data-id=\"c461cbd\" data-element_type=\"section\" data-settings=\"{&quot;ekit_has_onepagescroll_dot&quot;:&quot;yes&quot;}\">\n\t\t\t\t\t\t<div class=\"elementor-container elementor-column-gap-default\">\n\t\t\t\t\t\t\t<div class=\"elementor-row\">\n\t\t\t\t\t<div class=\"elementor-column elementor-col-66 elementor-top-column elementor-element elementor-element-1a7aba7\" data-id=\"1a7aba7\" data-element_type=\"column\">\n\t\t\t<div class=\"elementor-column-wrap elementor-element-populated\">\n\t\t\t\t\t\t\t<div class=\"elementor-widget-wrap\">\n\t\t\t\t\t\t<div class=\"elementor-element elementor-element-16f11828 elementor-widget elementor-widget-heading\" data-id=\"16f11828\" data-element_type=\"widget\" data-widget_type=\"heading.default\">\n\t\t\t\t<div class=\"elementor-widget-container\">\n\t\t\t<h2 class=\"elementor-heading-title elementor-size-default\">TRANSPORT<\/h2>\t\t<\/div>\n\t\t\t\t<\/div>\n\t\t\t\t<div class=\"elementor-element elementor-element-f879002 elementor-widget-divider--view-line elementor-widget elementor-widget-divider\" data-id=\"f879002\" data-element_type=\"widget\" data-widget_type=\"divider.default\">\n\t\t\t\t<div class=\"elementor-widget-container\">\n\t\t\t\t\t<div class=\"elementor-divider\">\n\t\t\t<span class=\"elementor-divider-separator\">\n\t\t\t\t\t\t<\/span>\n\t\t<\/div>\n\t\t\t\t<\/div>\n\t\t\t\t<\/div>\n\t\t\t\t<div class=\"elementor-element elementor-element-755a45f elementor-widget elementor-widget-text-editor\" data-id=\"755a45f\" data-element_type=\"widget\" data-widget_type=\"text-editor.default\">\n\t\t\t\t<div class=\"elementor-widget-container\">\n\t\t\t\t\t<div class=\"elementor-text-editor elementor-clearfix\"><ul><li>Overland delivery of your goods throughout Benin and the sub-region (Mali, Niger, Burkina Faso)\u00a0<\/li><li><span style=\"font-size: 14px;\">Collection of your parcels in Benin and in the sub-region as well as delivery to a port or airport\u00a0<\/span><\/li><li>regardless of the nature and weight of the packages<\/li><li>Full truck and grouping<\/li><\/ul><\/div>\n\t\t\t\t<\/div>\n\t\t\t\t<\/div>\n\t\t\t\t<div class=\"elementor-element elementor-element-b74443e elementor-widget elementor-widget-image\" data-id=\"b74443e\" data-element_type=\"widget\" data-widget_type=\"image.default\">\n\t\t\t\t<div class=\"elementor-widget-container\">\n\t\t\t\t\t<div class=\"elementor-image\">\n\t\t\t\t\t\t\t\t\t\t<img width=\"1024\" height=\"768\" src=\"https:\/\/www.lemoine-cie.net\/wp-content\/uploads\/2020\/06\/le4.jpeg\" class=\"attachment-large size-large\" alt=\"\" loading=\"lazy\" srcset=\"https:\/\/www.lemoine-cie.net\/wp-content\/uploads\/2020\/06\/le4.jpeg 1024w, https:\/\/www.lemoine-cie.net\/wp-content\/uploads\/2020\/06\/le4-300x225.jpeg 300w, https:\/\/www.lemoine-cie.net\/wp-content\/uploads\/2020\/06\/le4-768x576.jpeg 768w\" sizes=\"(max-width: 1024px) 100vw, 1024px\" \/>\t\t\t\t\t\t\t\t\t\t\t<\/div>\n\t\t\t\t<\/div>\n\t\t\t\t<\/div>\n\t\t\t\t<div class=\"elementor-element elementor-element-46a39eb elementor-widget elementor-widget-heading\" data-id=\"46a39eb\" data-element_type=\"widget\" data-widget_type=\"heading.default\">\n\t\t\t\t<div class=\"elementor-widget-container\">\n\t\t\t<h2 class=\"elementor-heading-title elementor-size-default\">LOGISTICS<\/h2>\t\t<\/div>\n\t\t\t\t<\/div>\n\t\t\t\t<div class=\"elementor-element elementor-element-d9a296d elementor-widget-divider--view-line elementor-widget elementor-widget-divider\" data-id=\"d9a296d\" data-element_type=\"widget\" data-widget_type=\"divider.default\">\n\t\t\t\t<div class=\"elementor-widget-container\">\n\t\t\t\t\t<div class=\"elementor-divider\">\n\t\t\t<span class=\"elementor-divider-separator\">\n\t\t\t\t\t\t<\/span>\n\t\t<\/div>\n\t\t\t\t<\/div>\n\t\t\t\t<\/div>\n\t\t\t\t<div class=\"elementor-element elementor-element-4606736 elementor-widget elementor-widget-text-editor\" data-id=\"4606736\" data-element_type=\"widget\" data-widget_type=\"text-editor.default\">\n\t\t\t\t<div class=\"elementor-widget-container\">\n\t\t\t\t\t<div class=\"elementor-text-editor elementor-clearfix\"><p>LEMOINE & Cie provides additional services that are essential to the quality of its service:<\/p><ul><li><div align=\"justify\"><span style=\"font-style: normal; font-variant-ligatures: normal; font-variant-caps: normal; font-weight: 400; font-family: 'Open Sans', sans-serif; font-size: 14px;\">Stuffing and unstuffing of containers<\/span><\/div><\/li><li><div align=\"justify\"><span style=\"font-style: normal; font-variant-ligatures: normal; font-variant-caps: normal; font-weight: 400; font-family: 'Open Sans', sans-serif; font-size: 14px;\">Storage<\/span><\/div><\/li><li><div align=\"justify\"><span style=\"font-size: 14px;\"><span style=\"font-size: 14px;\">Stock management<\/span><\/span><\/div><\/li><\/ul><\/div>\n\t\t\t\t<\/div>\n\t\t\t\t<\/div>\n\t\t\t\t\t\t<\/div>\n\t\t\t\t\t<\/div>\n\t\t<\/div>\n\t\t\t\t<div class=\"elementor-column elementor-col-33 elementor-top-column elementor-element elementor-element-708dc95\" data-id=\"708dc95\" data-element_type=\"column\">\n\t\t\t<div class=\"elementor-column-wrap elementor-element-populated\">\n\t\t\t\t\t\t\t<div class=\"elementor-widget-wrap\">\n\t\t\t\t\t\t<section class=\"elementor-section elementor-inner-section elementor-element elementor-element-c0c45fe elementor-section-boxed elementor-section-height-default elementor-section-height-default\" data-id=\"c0c45fe\" data-element_type=\"section\" data-settings=\"{&quot;background_background&quot;:&quot;classic&quot;,&quot;ekit_has_onepagescroll_dot&quot;:&quot;yes&quot;}\">\n\t\t\t\t\t\t<div class=\"elementor-container elementor-column-gap-default\">\n\t\t\t\t\t\t\t<div class=\"elementor-row\">\n\t\t\t\t\t<div class=\"elementor-column elementor-col-100 elementor-inner-column elementor-element elementor-element-9ce232e\" data-id=\"9ce232e\" data-element_type=\"column\" data-settings=\"{&quot;background_background&quot;:&quot;classic&quot;}\">\n\t\t\t<div class=\"elementor-column-wrap elementor-element-populated\">\n\t\t\t\t\t\t\t<div class=\"elementor-widget-wrap\">\n\t\t\t\t\t\t<div class=\"elementor-element elementor-element-79cbcf0 elementor-widget elementor-widget-wp-widget-nav_menu\" data-id=\"79cbcf0\" data-element_type=\"widget\" id=\"menu_service\" data-widget_type=\"wp-widget-nav_menu.default\">\n\t\t\t\t<div class=\"elementor-widget-container\">\n\t\t\t<h5>Other services<\/h5><div class=\"menu-m_service-container\"><ul id=\"menu-m_service\" class=\"menu\"><li id=\"menu-item-287\" class=\"menu-item menu-item-type-post_type menu-item-object-page menu-item-287\"><a href=\"https:\/\/www.lemoine-cie.net\/en\/services\/\">Transit & Consignment<\/a><\/li>\n<li id=\"menu-item-290\" class=\"menu-item menu-item-type-post_type menu-item-object-page menu-item-290\"><a href=\"https:\/\/www.lemoine-cie.net\/en\/services\/transport-logistics\/\">Transport & Logistics<\/a><\/li>\n<li id=\"menu-item-289\" class=\"menu-item menu-item-type-post_type menu-item-object-page menu-item-289\"><a href=\"https:\/\/www.lemoine-cie.net\/en\/services\/fret-maritime-et-aerien\/\">Sea and air freight<\/a><\/li>\n<li id=\"menu-item-288\" class=\"menu-item menu-item-type-post_type menu-item-object-page menu-item-288\"><a href=\"https:\/\/www.lemoine-cie.net\/en\/services\/inspection-expertise-maritime\/\">Marine Inspection & Survey<\/a><\/li>\n<\/ul><\/div>\t\t<\/div>\n\t\t\t\t<\/div>\n\t\t\t\t\t\t<\/div>\n\t\t\t\t\t<\/div>\n\t\t<\/div>\n\t\t\t\t\t\t\t\t<\/div>\n\t\t\t\t\t<\/div>\n\t\t<\/section>\n\t\t\t\t<section class=\"elementor-section elementor-inner-section elementor-element elementor-element-6c99023 elementor-section-boxed elementor-section-height-default elementor-section-height-default\" data-id=\"6c99023\" data-element_type=\"section\" data-settings=\"{&quot;ekit_has_onepagescroll_dot&quot;:&quot;yes&quot;}\">\n\t\t\t\t\t\t<div class=\"elementor-container elementor-column-gap-default\">\n\t\t\t\t\t\t\t<div class=\"elementor-row\">\n\t\t\t\t\t<div class=\"elementor-column elementor-col-100 elementor-inner-column elementor-element elementor-element-717b87e\" data-id=\"717b87e\" data-element_type=\"column\" data-settings=\"{&quot;background_background&quot;:&quot;classic&quot;}\">\n\t\t\t<div class=\"elementor-column-wrap elementor-element-populated\">\n\t\t\t\t\t\t\t<div class=\"elementor-widget-wrap\">\n\t\t\t\t\t\t<div class=\"elementor-element elementor-element-c63e51b t_horraire elementor-widget elementor-widget-heading\" data-id=\"c63e51b\" data-element_type=\"widget\" data-widget_type=\"heading.default\">\n\t\t\t\t<div class=\"elementor-widget-container\">\n\t\t\t<h5 class=\"elementor-heading-title elementor-size-default\">Our opening hours<\/h5>\t\t<\/div>\n\t\t\t\t<\/div>\n\t\t\t\t<div class=\"elementor-element elementor-element-7e9c7f9 elementor-widget elementor-widget-elementskit-business-hours\" data-id=\"7e9c7f9\" data-element_type=\"widget\" data-widget_type=\"elementskit-business-hours.default\">\n\t\t\t\t<div class=\"elementor-widget-container\">\n\t\t\t<div class=\"ekit-wid-con\" >\t\t<div class=\"ekit-business-hours-inner\">\n\t\t\t\t\t\t<div class=\"ekit-single-day elementor-repeater-item-27a7187\">\n\t\t\t\t\t\t\t\t<span class=\"ekit-business-day\">Lundi<\/span>\n\t\t\t\t\t\t\t\t<span class=\"ekit-business-time\">8h - 12h30mn \/ 15h - 18h30mn<\/span>\n\t\t\t\t\t\t\t<\/div>\n\t\t\t\t\t\t<div class=\"ekit-single-day elementor-repeater-item-39d946d\">\n\t\t\t\t\t\t\t\t<span class=\"ekit-business-day\">Mardi<\/span>\n\t\t\t\t\t\t\t\t<span class=\"ekit-business-time\">8h - 12h30mn \/ 15h - 18h30mn<\/span>\n\t\t\t\t\t\t\t<\/div>\n\t\t\t\t\t\t<div class=\"ekit-single-day elementor-repeater-item-de87cd8\">\n\t\t\t\t\t\t\t\t<span class=\"ekit-business-day\">Mercredi<\/span>\n\t\t\t\t\t\t\t\t<span class=\"ekit-business-time\">8h - 12h30mn \/ 15h - 18h30mn<\/span>\n\t\t\t\t\t\t\t<\/div>\n\t\t\t\t\t\t<div class=\"ekit-single-day elementor-repeater-item-e91a921\">\n\t\t\t\t\t\t\t\t<span class=\"ekit-business-day\">Jeudi<\/span>\n\t\t\t\t\t\t\t\t<span class=\"ekit-business-time\">8h - 12h30mn \/ 15h - 18h30mn<\/span>\n\t\t\t\t\t\t\t<\/div>\n\t\t\t\t\t\t<div class=\"ekit-single-day elementor-repeater-item-73f6ba8\">\n\t\t\t\t\t\t\t\t<span class=\"ekit-business-day\">Vendredi<\/span>\n\t\t\t\t\t\t\t\t<span class=\"ekit-business-time\">8h - 12h30mn \/ 15h - 18h30mn<\/span>\n\t\t\t\t\t\t\t<\/div>\n\t\t\t\t\t<\/div>\n        <\/div>\t\t<\/div>\n\t\t\t\t<\/div>\n\t\t\t\t\t\t<\/div>\n\t\t\t\t\t<\/div>\n\t\t<\/div>\n\t\t\t\t\t\t\t\t<\/div>\n\t\t\t\t\t<\/div>\n\t\t<\/section>\n\t\t\t\t<section class=\"elementor-section elementor-inner-section elementor-element elementor-element-1beccfb elementor-section-boxed elementor-section-height-default elementor-section-height-default\" data-id=\"1beccfb\" data-element_type=\"section\" data-settings=\"{&quot;ekit_has_onepagescroll_dot&quot;:&quot;yes&quot;}\">\n\t\t\t\t\t\t<div class=\"elementor-container elementor-column-gap-default\">\n\t\t\t\t\t\t\t<div class=\"elementor-row\">\n\t\t\t\t\t<div class=\"elementor-column elementor-col-100 elementor-inner-column elementor-element elementor-element-b4b27aa\" data-id=\"b4b27aa\" data-element_type=\"column\">\n\t\t\t<div class=\"elementor-column-wrap elementor-element-populated\">\n\t\t\t\t\t\t\t<div class=\"elementor-widget-wrap\">\n\t\t\t\t\t\t<div class=\"elementor-element elementor-element-91a3d22 elementor-widget elementor-widget-image\" data-id=\"91a3d22\" data-element_type=\"widget\" data-widget_type=\"image.default\">\n\t\t\t\t<div class=\"elementor-widget-container\">\n\t\t\t\t\t<div class=\"elementor-image\">\n\t\t\t\t\t\t\t\t\t\t<img width=\"714\" height=\"326\" src=\"https:\/\/www.lemoine-cie.net\/wp-content\/uploads\/2020\/05\/transport_logistic.png\" class=\"attachment-full size-full\" alt=\"Transport logistic\" loading=\"lazy\" srcset=\"https:\/\/www.lemoine-cie.net\/wp-content\/uploads\/2020\/05\/transport_logistic.png 714w, https:\/\/www.lemoine-cie.net\/wp-content\/uploads\/2020\/05\/transport_logistic-300x137.png 300w\" sizes=\"(max-width: 714px) 100vw, 714px\" \/>\t\t\t\t\t\t\t\t\t\t\t<\/div>\n\t\t\t\t<\/div>\n\t\t\t\t<\/div>\n\t\t\t\t\t\t<\/div>\n\t\t\t\t\t<\/div>\n\t\t<\/div>\n\t\t\t\t\t\t\t\t<\/div>\n\t\t\t\t\t<\/div>\n\t\t<\/section>\n\t\t\t\t\t\t<\/div>\n\t\t\t\t\t<\/div>\n\t\t<\/div>\n\t\t\t\t\t\t\t\t<\/div>\n\t\t\t\t\t<\/div>\n\t\t<\/section>\n\t\t\t\t<section class=\"elementor-section elementor-top-section elementor-element elementor-element-48b0316b elementor-section-boxed elementor-section-height-default elementor-section-height-default\" data-id=\"48b0316b\" data-element_type=\"section\" data-settings=\"{&quot;ekit_has_onepagescroll_dot&quot;:&quot;yes&quot;}\">\n\t\t\t\t\t\t<div class=\"elementor-container elementor-column-gap-default\">\n\t\t\t\t\t\t\t<div class=\"elementor-row\">\n\t\t\t\t\t<div class=\"elementor-column elementor-col-100 elementor-top-column elementor-element elementor-element-14c07fb\" data-id=\"14c07fb\" data-element_type=\"column\">\n\t\t\t<div class=\"elementor-column-wrap elementor-element-populated\">\n\t\t\t\t\t\t\t<div class=\"elementor-widget-wrap\">\n\t\t\t\t\t\t<div class=\"elementor-element elementor-element-46349cef elementor-widget elementor-widget-heading\" data-id=\"46349cef\" data-element_type=\"widget\" data-widget_type=\"heading.default\">\n\t\t\t\t<div class=\"elementor-widget-container\">\n\t\t\t<h2 class=\"elementor-heading-title elementor-size-default\">OUR PARTNERS<\/h2>\t\t<\/div>\n\t\t\t\t<\/div>\n\t\t\t\t<div class=\"elementor-element elementor-element-75b18e97 elementor-widget-divider--view-line elementor-widget elementor-widget-divider\" data-id=\"75b18e97\" data-element_type=\"widget\" data-widget_type=\"divider.default\">\n\t\t\t\t<div class=\"elementor-widget-container\">\n\t\t\t\t\t<div class=\"elementor-divider\">\n\t\t\t<span class=\"elementor-divider-separator\">\n\t\t\t\t\t\t<\/span>\n\t\t<\/div>\n\t\t\t\t<\/div>\n\t\t\t\t<\/div>\n\t\t\t\t<div class=\"elementor-element elementor-element-202cb071 elementor-widget elementor-widget-elementskit-client-logo\" data-id=\"202cb071\" data-element_type=\"widget\" data-widget_type=\"elementskit-client-logo.default\">\n\t\t\t\t<div class=\"elementor-widget-container\">\n\t\t\t<div class=\"ekit-wid-con\" >        \n        <div class=\"elementskit-clients-slider simple_logo_image\" data-config=\"{&quot;rtl&quot;:false,&quot;arrows&quot;:false,&quot;dots&quot;:false,&quot;pauseOnHover&quot;:true,&quot;prevArrow&quot;:&quot;&quot;,&quot;nextArrow&quot;:&quot;&quot;,&quot;autoplay&quot;:true,&quot;autoplaySpeed&quot;:5000,&quot;infinite&quot;:true,&quot;slidesToShow&quot;:4,&quot;slidesToScroll&quot;:1,&quot;rows&quot;:1,&quot;responsive&quot;:[{&quot;breakpoint&quot;:1024,&quot;settings&quot;:{&quot;slidesToShow&quot;:2,&quot;slidesToScroll&quot;:1}},{&quot;breakpoint&quot;:480,&quot;settings&quot;:{&quot;slidesToShow&quot;:1,&quot;slidesToScroll&quot;:1},&quot;arrows&quot;:false}]}\" data-direction=\"\">\n\n                            <div class=\"elementskit-client-slider-item\">\n                    <div class=\"single-client image-switcher\" title=\"\">\n                        \n                            <div class=\"content-image\">\n\n                                <img src=\"https:\/\/www.lemoine-cie.net\/wp-content\/uploads\/2020\/05\/DSV_Logo.svg.png\" alt=\"DSV\" class=\"\">\n                                                            <\/div>\n\n                        \n                    <\/div>\n                <\/div>\n\n                            <div class=\"elementskit-client-slider-item\">\n                    <div class=\"single-client image-switcher\" title=\"\">\n                        \n                            <div class=\"content-image\">\n\n                                <img src=\"https:\/\/www.lemoine-cie.net\/wp-content\/uploads\/2020\/05\/ace.jpg\" alt=\"ace\" class=\"\">\n                                                            <\/div>\n\n                        \n                    <\/div>\n                <\/div>\n\n                            <div class=\"elementskit-client-slider-item\">\n                    <div class=\"single-client image-switcher\" title=\"\">\n                        \n                            <div class=\"content-image\">\n\n                                <img src=\"https:\/\/www.lemoine-cie.net\/wp-content\/uploads\/2020\/05\/part_1.png\" alt=\"FIATA\" class=\"\">\n                                                            <\/div>\n\n                        \n                    <\/div>\n                <\/div>\n\n                            <div class=\"elementskit-client-slider-item\">\n                    <div class=\"single-client image-switcher\" title=\"\">\n                        \n                            <div class=\"content-image\">\n\n                                <img src=\"https:\/\/www.lemoine-cie.net\/wp-content\/uploads\/2020\/05\/part_2.png\" alt=\"VANGUARD\" class=\"\">\n                                                            <\/div>\n\n                        \n                    <\/div>\n                <\/div>\n\n                            <div class=\"elementskit-client-slider-item\">\n                    <div class=\"single-client image-switcher\" title=\"\">\n                        \n                            <div class=\"content-image\">\n\n                                <img src=\"https:\/\/www.lemoine-cie.net\/wp-content\/uploads\/2020\/05\/part_3.png\" alt=\"part_3\" class=\"\">\n                                                            <\/div>\n\n                        \n                    <\/div>\n                <\/div>\n\n                            <div class=\"elementskit-client-slider-item\">\n                    <div class=\"single-client image-switcher\" title=\"\">\n                        \n                            <div class=\"content-image\">\n\n                                <img src=\"https:\/\/www.lemoine-cie.net\/wp-content\/uploads\/2020\/05\/part_4.png\" alt=\"part_4\" class=\"\">\n                                                            <\/div>\n\n                        \n                    <\/div>\n                <\/div>\n\n                            <div class=\"elementskit-client-slider-item\">\n                    <div class=\"single-client image-switcher\" title=\"\">\n                        \n                            <div class=\"content-image\">\n\n                                <img src=\"https:\/\/www.lemoine-cie.net\/wp-content\/uploads\/2020\/05\/part_5.png\" alt=\"GTO\" class=\"\">\n                                                            <\/div>\n\n                        \n                    <\/div>\n                <\/div>\n\n                            <div class=\"elementskit-client-slider-item\">\n                    <div class=\"single-client image-switcher\" title=\"\">\n                        \n                            <div class=\"content-image\">\n\n                                <img src=\"https:\/\/www.lemoine-cie.net\/wp-content\/uploads\/2020\/05\/part_6.png\" alt=\"part_6\" class=\"\">\n                                                            <\/div>\n\n                        \n                    <\/div>\n                <\/div>\n\n            \n        <\/div><!-- .elementskit-clients-slider END -->\n\n   <\/div>\t\t<\/div>\n\t\t\t\t<\/div>\n\t\t\t\t\t\t<\/div>\n\t\t\t\t\t<\/div>\n\t\t<\/div>\n\t\t\t\t\t\t\t\t<\/div>\n\t\t\t\t\t<\/div>\n\t\t<\/section>\n\t\t\t\t\t\t<\/div>\n\t\t\t\t\t\t<\/div>\n\t\t\t\t\t<\/div>","protected":false},"excerpt":{"rendered":"<p>SERVICES TRANSPORT Livraison par voie terrestre de vos marchandises dans tout le Benin et la sous-r\u00e9gion (Mali, Niger, Burkina Faso)\u00a0 Enl\u00e8vement de vos colis au B\u00e9nin et dans la sous-region ainsi que l&rsquo;acheminement \u00e0 un port ou \u00e0 l\u2019a\u00e9roport\u00a0 quels que soient soient la nature et le poids des colis Camion complet et groupage LOGISTIQUE [&hellip;]<\/p>","protected":false},"author":1,"featured_media":0,"parent":212,"menu_order":0,"comment_status":"closed","ping_status":"closed","template":"","meta":[],"_links":{"self":[{"href":"https:\/\/www.lemoine-cie.net\/en\/wp-json\/wp\/v2\/pages\/265"}],"collection":[{"href":"https:\/\/www.lemoine-cie.net\/en\/wp-json\/wp\/v2\/pages"}],"about":[{"href":"https:\/\/www.lemoine-cie.net\/en\/wp-json\/wp\/v2\/types\/page"}],"author":[{"embeddable":true,"href":"https:\/\/www.lemoine-cie.net\/en\/wp-json\/wp\/v2\/users\/1"}],"replies":[{"embeddable":true,"href":"https:\/\/www.lemoine-cie.net\/en\/wp-json\/wp\/v2\/comments?post=265"}],"version-history":[{"count":35,"href":"https:\/\/www.lemoine-cie.net\/en\/wp-json\/wp\/v2\/pages\/265\/revisions"}],"predecessor-version":[{"id":703,"href":"https:\/\/www.lemoine-cie.net\/en\/wp-json\/wp\/v2\/pages\/265\/revisions\/703"}],"up":[{"embeddable":true,"href":"https:\/\/www.lemoine-cie.net\/en\/wp-json\/wp\/v2\/pages\/212"}],"wp:attachment":[{"href":"https:\/\/www.lemoine-cie.net\/en\/wp-json\/wp\/v2\/media?parent=265"}],"curies":[{"name":"wp","href":"https:\/\/api.w.org\/{rel}","templated":true}]}}