{"id":274,"date":"2020-05-12T18:17:39","date_gmt":"2020-05-12T16:17:39","guid":{"rendered":"https:\/\/www.lemoine-cie.net\/lemoine\/?page_id=274"},"modified":"2020-07-21T16:48:01","modified_gmt":"2020-07-21T14:48:01","slug":"inspection-expertise-maritime","status":"publish","type":"page","link":"https:\/\/www.lemoine-cie.net\/en\/services\/inspection-expertise-maritime\/","title":{"rendered":"Marine Inspection & Survey"},"content":{"rendered":"<div data-elementor-type=\"wp-page\" data-elementor-id=\"274\" class=\"elementor elementor-274\" data-elementor-settings=\"[]\">\n\t\t\t\t\t\t<div class=\"elementor-inner\">\n\t\t\t\t\t\t\t<div class=\"elementor-section-wrap\">\n\t\t\t\t\t\t\t<section class=\"elementor-section elementor-top-section elementor-element elementor-element-608a4ebb elementor-section-height-min-height elementor-section-boxed elementor-section-height-default elementor-section-items-middle\" data-id=\"608a4ebb\" data-element_type=\"section\" data-settings=\"{&quot;background_background&quot;:&quot;classic&quot;,&quot;ekit_has_onepagescroll_dot&quot;:&quot;yes&quot;}\">\n\t\t\t\t\t\t\t<div class=\"elementor-background-overlay\"><\/div>\n\t\t\t\t\t\t\t<div class=\"elementor-container elementor-column-gap-default\">\n\t\t\t\t\t\t\t<div class=\"elementor-row\">\n\t\t\t\t\t<div class=\"elementor-column elementor-col-100 elementor-top-column elementor-element elementor-element-299bb09b\" data-id=\"299bb09b\" data-element_type=\"column\">\n\t\t\t<div class=\"elementor-column-wrap elementor-element-populated\">\n\t\t\t\t\t\t\t<div class=\"elementor-widget-wrap\">\n\t\t\t\t\t\t<div class=\"elementor-element elementor-element-6203de5f elementor-widget__width-initial elementor-widget elementor-widget-heading\" data-id=\"6203de5f\" data-element_type=\"widget\" data-widget_type=\"heading.default\">\n\t\t\t\t<div class=\"elementor-widget-container\">\n\t\t\t<h2 class=\"elementor-heading-title elementor-size-default\">SERVICES<\/h2>\t\t<\/div>\n\t\t\t\t<\/div>\n\t\t\t\t\t\t<\/div>\n\t\t\t\t\t<\/div>\n\t\t<\/div>\n\t\t\t\t\t\t\t\t<\/div>\n\t\t\t\t\t<\/div>\n\t\t<\/section>\n\t\t\t\t<section class=\"elementor-section elementor-top-section elementor-element elementor-element-34bba90 elementor-section-boxed elementor-section-height-default elementor-section-height-default\" data-id=\"34bba90\" data-element_type=\"section\" data-settings=\"{&quot;ekit_has_onepagescroll_dot&quot;:&quot;yes&quot;}\">\n\t\t\t\t\t\t<div class=\"elementor-container elementor-column-gap-default\">\n\t\t\t\t\t\t\t<div class=\"elementor-row\">\n\t\t\t\t\t<div class=\"elementor-column elementor-col-100 elementor-top-column elementor-element elementor-element-d2dfc1d\" data-id=\"d2dfc1d\" data-element_type=\"column\">\n\t\t\t<div class=\"elementor-column-wrap elementor-element-populated\">\n\t\t\t\t\t\t\t<div class=\"elementor-widget-wrap\">\n\t\t\t\t\t\t<div class=\"elementor-element elementor-element-e235f80 elementor-widget elementor-widget-wp-widget-bcn_widget\" data-id=\"e235f80\" data-element_type=\"widget\" data-widget_type=\"wp-widget-bcn_widget.default\">\n\t\t\t\t<div class=\"elementor-widget-container\">\n\t\t\t<div class=\"breadcrumbs\" vocab=\"https:\/\/schema.org\/\" typeof=\"BreadcrumbList\"><!-- Breadcrumb NavXT 6.6.0 -->\n<span property=\"itemListElement\" typeof=\"ListItem\"><a property=\"item\" typeof=\"WebPage\" title=\"Go to Lemoine &amp; Cie.\" href=\"https:\/\/www.lemoine-cie.net\/en\/\" class=\"home\" aria-current=\"page\"><span property=\"name\">Lemoine &amp; Cie<\/span><\/a><meta property=\"position\" content=\"1\"><\/span><\/div>\t\t<\/div>\n\t\t\t\t<\/div>\n\t\t\t\t\t\t<\/div>\n\t\t\t\t\t<\/div>\n\t\t<\/div>\n\t\t\t\t\t\t\t\t<\/div>\n\t\t\t\t\t<\/div>\n\t\t<\/section>\n\t\t\t\t<section class=\"elementor-section elementor-top-section elementor-element elementor-element-c461cbd elementor-section-boxed elementor-section-height-default elementor-section-height-default\" data-id=\"c461cbd\" data-element_type=\"section\" data-settings=\"{&quot;ekit_has_onepagescroll_dot&quot;:&quot;yes&quot;}\">\n\t\t\t\t\t\t<div class=\"elementor-container elementor-column-gap-default\">\n\t\t\t\t\t\t\t<div class=\"elementor-row\">\n\t\t\t\t\t<div class=\"elementor-column elementor-col-66 elementor-top-column elementor-element elementor-element-1a7aba7\" data-id=\"1a7aba7\" data-element_type=\"column\">\n\t\t\t<div class=\"elementor-column-wrap elementor-element-populated\">\n\t\t\t\t\t\t\t<div class=\"elementor-widget-wrap\">\n\t\t\t\t\t\t<div class=\"elementor-element elementor-element-16f11828 elementor-widget elementor-widget-heading\" data-id=\"16f11828\" data-element_type=\"widget\" data-widget_type=\"heading.default\">\n\t\t\t\t<div class=\"elementor-widget-container\">\n\t\t\t<h2 class=\"elementor-heading-title elementor-size-default\">MARINE INSPECTION & SURVEY<\/h2>\t\t<\/div>\n\t\t\t\t<\/div>\n\t\t\t\t<div class=\"elementor-element elementor-element-f879002 elementor-widget-divider--view-line elementor-widget elementor-widget-divider\" data-id=\"f879002\" data-element_type=\"widget\" data-widget_type=\"divider.default\">\n\t\t\t\t<div class=\"elementor-widget-container\">\n\t\t\t\t\t<div class=\"elementor-divider\">\n\t\t\t<span class=\"elementor-divider-separator\">\n\t\t\t\t\t\t<\/span>\n\t\t<\/div>\n\t\t\t\t<\/div>\n\t\t\t\t<\/div>\n\t\t\t\t<div class=\"elementor-element elementor-element-755a45f elementor-widget elementor-widget-text-editor\" data-id=\"755a45f\" data-element_type=\"widget\" data-widget_type=\"text-editor.default\">\n\t\t\t\t<div class=\"elementor-widget-container\">\n\t\t\t\t\t<div class=\"elementor-text-editor elementor-clearfix\"><p>LEMONE & Cie S.A. has a cargo inspection and marine survey department which is highly efficient thanks to the quality of the equipment used and the qualifications of its staff.<span style=\"font-size: 14px;\">\u00a0<\/span><\/p><p>The maritime experts deployed by LEMONE & Cie S.A. draw up a precise diagnosis of the condition of the vessels.<span style=\"font-size: 14px;\">\u00a0<\/span><\/p><p>The goods inspection and control service intervenes both inside the vessels and on the storage sites after unloading. After each inspection, a report is sent to the resource persons in order to reassure the customer about the quality and quantity of the goods intended for him.<span style=\"font-size: 14px;\">\u00a0<\/span><\/p><p>The quality of the goods intended for the customer is our number one concern.<\/p><\/div>\n\t\t\t\t<\/div>\n\t\t\t\t<\/div>\n\t\t\t\t<div class=\"elementor-element elementor-element-bdb2819 elementor-widget elementor-widget-image\" data-id=\"bdb2819\" data-element_type=\"widget\" data-widget_type=\"image.default\">\n\t\t\t\t<div class=\"elementor-widget-container\">\n\t\t\t\t\t<div class=\"elementor-image\">\n\t\t\t\t\t\t\t\t\t\t<img width=\"1024\" height=\"768\" src=\"https:\/\/www.lemoine-cie.net\/wp-content\/uploads\/2020\/06\/le2.jpeg\" class=\"attachment-large size-large\" alt=\"\" loading=\"lazy\" srcset=\"https:\/\/www.lemoine-cie.net\/wp-content\/uploads\/2020\/06\/le2.jpeg 1024w, https:\/\/www.lemoine-cie.net\/wp-content\/uploads\/2020\/06\/le2-300x225.jpeg 300w, https:\/\/www.lemoine-cie.net\/wp-content\/uploads\/2020\/06\/le2-768x576.jpeg 768w\" sizes=\"(max-width: 1024px) 100vw, 1024px\" \/>\t\t\t\t\t\t\t\t\t\t\t<\/div>\n\t\t\t\t<\/div>\n\t\t\t\t<\/div>\n\t\t\t\t\t\t<\/div>\n\t\t\t\t\t<\/div>\n\t\t<\/div>\n\t\t\t\t<div class=\"elementor-column elementor-col-33 elementor-top-column elementor-element elementor-element-708dc95\" data-id=\"708dc95\" data-element_type=\"column\">\n\t\t\t<div class=\"elementor-column-wrap elementor-element-populated\">\n\t\t\t\t\t\t\t<div class=\"elementor-widget-wrap\">\n\t\t\t\t\t\t<section class=\"elementor-section elementor-inner-section elementor-element elementor-element-c0c45fe elementor-section-boxed elementor-section-height-default elementor-section-height-default\" data-id=\"c0c45fe\" data-element_type=\"section\" data-settings=\"{&quot;background_background&quot;:&quot;classic&quot;,&quot;ekit_has_onepagescroll_dot&quot;:&quot;yes&quot;}\">\n\t\t\t\t\t\t<div class=\"elementor-container elementor-column-gap-default\">\n\t\t\t\t\t\t\t<div class=\"elementor-row\">\n\t\t\t\t\t<div class=\"elementor-column elementor-col-100 elementor-inner-column elementor-element elementor-element-9ce232e\" data-id=\"9ce232e\" data-element_type=\"column\" data-settings=\"{&quot;background_background&quot;:&quot;classic&quot;}\">\n\t\t\t<div class=\"elementor-column-wrap elementor-element-populated\">\n\t\t\t\t\t\t\t<div class=\"elementor-widget-wrap\">\n\t\t\t\t\t\t<div class=\"elementor-element elementor-element-0c0f0e2 elementor-widget elementor-widget-wp-widget-nav_menu\" data-id=\"0c0f0e2\" data-element_type=\"widget\" id=\"menu_service\" data-widget_type=\"wp-widget-nav_menu.default\">\n\t\t\t\t<div class=\"elementor-widget-container\">\n\t\t\t<h5>Other services<\/h5><div class=\"menu-m_service-container\"><ul id=\"menu-m_service\" class=\"menu\"><li id=\"menu-item-287\" class=\"menu-item menu-item-type-post_type menu-item-object-page menu-item-287\"><a href=\"https:\/\/www.lemoine-cie.net\/en\/services\/\">Transit & Consignment<\/a><\/li>\n<li id=\"menu-item-290\" class=\"menu-item menu-item-type-post_type menu-item-object-page menu-item-290\"><a href=\"https:\/\/www.lemoine-cie.net\/en\/services\/transport-logistics\/\">Transport & Logistics<\/a><\/li>\n<li id=\"menu-item-289\" class=\"menu-item menu-item-type-post_type menu-item-object-page menu-item-289\"><a href=\"https:\/\/www.lemoine-cie.net\/en\/services\/fret-maritime-et-aerien\/\">Sea and air freight<\/a><\/li>\n<li id=\"menu-item-288\" class=\"menu-item menu-item-type-post_type menu-item-object-page menu-item-288\"><a href=\"https:\/\/www.lemoine-cie.net\/en\/services\/inspection-expertise-maritime\/\">Marine Inspection & Survey<\/a><\/li>\n<\/ul><\/div>\t\t<\/div>\n\t\t\t\t<\/div>\n\t\t\t\t\t\t<\/div>\n\t\t\t\t\t<\/div>\n\t\t<\/div>\n\t\t\t\t\t\t\t\t<\/div>\n\t\t\t\t\t<\/div>\n\t\t<\/section>\n\t\t\t\t<section class=\"elementor-section elementor-inner-section elementor-element elementor-element-bd8628a elementor-section-boxed elementor-section-height-default elementor-section-height-default\" data-id=\"bd8628a\" data-element_type=\"section\" data-settings=\"{&quot;ekit_has_onepagescroll_dot&quot;:&quot;yes&quot;}\">\n\t\t\t\t\t\t<div class=\"elementor-container elementor-column-gap-default\">\n\t\t\t\t\t\t\t<div class=\"elementor-row\">\n\t\t\t\t\t<div class=\"elementor-column elementor-col-100 elementor-inner-column elementor-element elementor-element-1533061\" data-id=\"1533061\" data-element_type=\"column\" data-settings=\"{&quot;background_background&quot;:&quot;classic&quot;}\">\n\t\t\t<div class=\"elementor-column-wrap elementor-element-populated\">\n\t\t\t\t\t\t\t<div class=\"elementor-widget-wrap\">\n\t\t\t\t\t\t<div class=\"elementor-element elementor-element-7bb791a t_horraire elementor-widget elementor-widget-heading\" data-id=\"7bb791a\" data-element_type=\"widget\" data-widget_type=\"heading.default\">\n\t\t\t\t<div class=\"elementor-widget-container\">\n\t\t\t<h5 class=\"elementor-heading-title elementor-size-default\">Our opening hours<\/h5>\t\t<\/div>\n\t\t\t\t<\/div>\n\t\t\t\t<div class=\"elementor-element elementor-element-a9cb7f8 elementor-widget elementor-widget-elementskit-business-hours\" data-id=\"a9cb7f8\" data-element_type=\"widget\" data-widget_type=\"elementskit-business-hours.default\">\n\t\t\t\t<div class=\"elementor-widget-container\">\n\t\t\t<div class=\"ekit-wid-con\" >\t\t<div class=\"ekit-business-hours-inner\">\n\t\t\t\t\t\t<div class=\"ekit-single-day elementor-repeater-item-27a7187\">\n\t\t\t\t\t\t\t\t<span class=\"ekit-business-day\">Lundi<\/span>\n\t\t\t\t\t\t\t\t<span class=\"ekit-business-time\">8h - 12h30mn \/ 15h - 18h30mn<\/span>\n\t\t\t\t\t\t\t<\/div>\n\t\t\t\t\t\t<div class=\"ekit-single-day elementor-repeater-item-39d946d\">\n\t\t\t\t\t\t\t\t<span class=\"ekit-business-day\">Mardi<\/span>\n\t\t\t\t\t\t\t\t<span class=\"ekit-business-time\">8h - 12h30mn \/ 15h - 18h30mn<\/span>\n\t\t\t\t\t\t\t<\/div>\n\t\t\t\t\t\t<div class=\"ekit-single-day elementor-repeater-item-de87cd8\">\n\t\t\t\t\t\t\t\t<span class=\"ekit-business-day\">Mercredi<\/span>\n\t\t\t\t\t\t\t\t<span class=\"ekit-business-time\">8h - 12h30mn \/ 15h - 18h30mn<\/span>\n\t\t\t\t\t\t\t<\/div>\n\t\t\t\t\t\t<div class=\"ekit-single-day elementor-repeater-item-e91a921\">\n\t\t\t\t\t\t\t\t<span class=\"ekit-business-day\">Jeudi<\/span>\n\t\t\t\t\t\t\t\t<span class=\"ekit-business-time\">8h - 12h30mn \/ 15h - 18h30mn<\/span>\n\t\t\t\t\t\t\t<\/div>\n\t\t\t\t\t\t<div class=\"ekit-single-day elementor-repeater-item-73f6ba8\">\n\t\t\t\t\t\t\t\t<span class=\"ekit-business-day\">Vendredi<\/span>\n\t\t\t\t\t\t\t\t<span class=\"ekit-business-time\">8h - 12h30mn \/ 15h - 18h30mn<\/span>\n\t\t\t\t\t\t\t<\/div>\n\t\t\t\t\t<\/div>\n        <\/div>\t\t<\/div>\n\t\t\t\t<\/div>\n\t\t\t\t\t\t<\/div>\n\t\t\t\t\t<\/div>\n\t\t<\/div>\n\t\t\t\t\t\t\t\t<\/div>\n\t\t\t\t\t<\/div>\n\t\t<\/section>\n\t\t\t\t<section class=\"elementor-section elementor-inner-section elementor-element elementor-element-1beccfb elementor-section-boxed elementor-section-height-default elementor-section-height-default\" data-id=\"1beccfb\" data-element_type=\"section\" data-settings=\"{&quot;ekit_has_onepagescroll_dot&quot;:&quot;yes&quot;}\">\n\t\t\t\t\t\t<div class=\"elementor-container elementor-column-gap-default\">\n\t\t\t\t\t\t\t<div class=\"elementor-row\">\n\t\t\t\t\t<div class=\"elementor-column elementor-col-100 elementor-inner-column elementor-element elementor-element-7d7b0d3\" data-id=\"7d7b0d3\" data-element_type=\"column\">\n\t\t\t<div class=\"elementor-column-wrap elementor-element-populated\">\n\t\t\t\t\t\t\t<div class=\"elementor-widget-wrap\">\n\t\t\t\t\t\t<div class=\"elementor-element elementor-element-91a3d22 elementor-widget elementor-widget-image\" data-id=\"91a3d22\" data-element_type=\"widget\" data-widget_type=\"image.default\">\n\t\t\t\t<div class=\"elementor-widget-container\">\n\t\t\t\t\t<div class=\"elementor-image\">\n\t\t\t\t\t\t\t\t\t\t<img width=\"800\" height=\"615\" src=\"https:\/\/www.lemoine-cie.net\/wp-content\/uploads\/2020\/06\/scientist-examining-.png\" class=\"attachment-full size-full\" alt=\"\" loading=\"lazy\" srcset=\"https:\/\/www.lemoine-cie.net\/wp-content\/uploads\/2020\/06\/scientist-examining-.png 800w, https:\/\/www.lemoine-cie.net\/wp-content\/uploads\/2020\/06\/scientist-examining--300x231.png 300w, https:\/\/www.lemoine-cie.net\/wp-content\/uploads\/2020\/06\/scientist-examining--768x590.png 768w\" sizes=\"(max-width: 800px) 100vw, 800px\" \/>\t\t\t\t\t\t\t\t\t\t\t<\/div>\n\t\t\t\t<\/div>\n\t\t\t\t<\/div>\n\t\t\t\t\t\t<\/div>\n\t\t\t\t\t<\/div>\n\t\t<\/div>\n\t\t\t\t\t\t\t\t<\/div>\n\t\t\t\t\t<\/div>\n\t\t<\/section>\n\t\t\t\t\t\t<\/div>\n\t\t\t\t\t<\/div>\n\t\t<\/div>\n\t\t\t\t\t\t\t\t<\/div>\n\t\t\t\t\t<\/div>\n\t\t<\/section>\n\t\t\t\t<section class=\"elementor-section elementor-top-section elementor-element elementor-element-23dde202 elementor-section-boxed elementor-section-height-default elementor-section-height-default\" data-id=\"23dde202\" data-element_type=\"section\" data-settings=\"{&quot;ekit_has_onepagescroll_dot&quot;:&quot;yes&quot;}\">\n\t\t\t\t\t\t<div class=\"elementor-container elementor-column-gap-default\">\n\t\t\t\t\t\t\t<div class=\"elementor-row\">\n\t\t\t\t\t<div class=\"elementor-column elementor-col-100 elementor-top-column elementor-element elementor-element-26b3f254\" data-id=\"26b3f254\" data-element_type=\"column\">\n\t\t\t<div class=\"elementor-column-wrap elementor-element-populated\">\n\t\t\t\t\t\t\t<div class=\"elementor-widget-wrap\">\n\t\t\t\t\t\t<div class=\"elementor-element elementor-element-5f9edb8f elementor-widget elementor-widget-heading\" data-id=\"5f9edb8f\" data-element_type=\"widget\" data-widget_type=\"heading.default\">\n\t\t\t\t<div class=\"elementor-widget-container\">\n\t\t\t<h2 class=\"elementor-heading-title elementor-size-default\">OUR PARTNERS<\/h2>\t\t<\/div>\n\t\t\t\t<\/div>\n\t\t\t\t<div class=\"elementor-element elementor-element-70a6bfd1 elementor-widget-divider--view-line elementor-widget elementor-widget-divider\" data-id=\"70a6bfd1\" data-element_type=\"widget\" data-widget_type=\"divider.default\">\n\t\t\t\t<div class=\"elementor-widget-container\">\n\t\t\t\t\t<div class=\"elementor-divider\">\n\t\t\t<span class=\"elementor-divider-separator\">\n\t\t\t\t\t\t<\/span>\n\t\t<\/div>\n\t\t\t\t<\/div>\n\t\t\t\t<\/div>\n\t\t\t\t<div class=\"elementor-element elementor-element-3e8306ae elementor-widget elementor-widget-elementskit-client-logo\" data-id=\"3e8306ae\" data-element_type=\"widget\" data-widget_type=\"elementskit-client-logo.default\">\n\t\t\t\t<div class=\"elementor-widget-container\">\n\t\t\t<div class=\"ekit-wid-con\" >        \n        <div class=\"elementskit-clients-slider simple_logo_image\" data-config=\"{&quot;rtl&quot;:false,&quot;arrows&quot;:false,&quot;dots&quot;:false,&quot;pauseOnHover&quot;:true,&quot;prevArrow&quot;:&quot;&quot;,&quot;nextArrow&quot;:&quot;&quot;,&quot;autoplay&quot;:true,&quot;autoplaySpeed&quot;:5000,&quot;infinite&quot;:true,&quot;slidesToShow&quot;:4,&quot;slidesToScroll&quot;:1,&quot;rows&quot;:1,&quot;responsive&quot;:[{&quot;breakpoint&quot;:1024,&quot;settings&quot;:{&quot;slidesToShow&quot;:2,&quot;slidesToScroll&quot;:1}},{&quot;breakpoint&quot;:480,&quot;settings&quot;:{&quot;slidesToShow&quot;:1,&quot;slidesToScroll&quot;:1},&quot;arrows&quot;:false}]}\" data-direction=\"\">\n\n                            <div class=\"elementskit-client-slider-item\">\n                    <div class=\"single-client image-switcher\" title=\"\">\n                        \n                            <div class=\"content-image\">\n\n                                <img src=\"https:\/\/www.lemoine-cie.net\/wp-content\/uploads\/2020\/05\/DSV_Logo.svg.png\" alt=\"DSV\" class=\"\">\n                                                            <\/div>\n\n                        \n                    <\/div>\n                <\/div>\n\n                            <div class=\"elementskit-client-slider-item\">\n                    <div class=\"single-client image-switcher\" title=\"\">\n                        \n                            <div class=\"content-image\">\n\n                                <img src=\"https:\/\/www.lemoine-cie.net\/wp-content\/uploads\/2020\/05\/ace.jpg\" alt=\"ace\" class=\"\">\n                                                            <\/div>\n\n                        \n                    <\/div>\n                <\/div>\n\n                            <div class=\"elementskit-client-slider-item\">\n                    <div class=\"single-client image-switcher\" title=\"\">\n                        \n                            <div class=\"content-image\">\n\n                                <img src=\"https:\/\/www.lemoine-cie.net\/wp-content\/uploads\/2020\/05\/part_1.png\" alt=\"FIATA\" class=\"\">\n                                                            <\/div>\n\n                        \n                    <\/div>\n                <\/div>\n\n                            <div class=\"elementskit-client-slider-item\">\n                    <div class=\"single-client image-switcher\" title=\"\">\n                        \n                            <div class=\"content-image\">\n\n                                <img src=\"https:\/\/www.lemoine-cie.net\/wp-content\/uploads\/2020\/05\/part_2.png\" alt=\"VANGUARD\" class=\"\">\n                                                            <\/div>\n\n                        \n                    <\/div>\n                <\/div>\n\n                            <div class=\"elementskit-client-slider-item\">\n                    <div class=\"single-client image-switcher\" title=\"\">\n                        \n                            <div class=\"content-image\">\n\n                                <img src=\"https:\/\/www.lemoine-cie.net\/wp-content\/uploads\/2020\/05\/part_3.png\" alt=\"part_3\" class=\"\">\n                                                            <\/div>\n\n                        \n                    <\/div>\n                <\/div>\n\n                            <div class=\"elementskit-client-slider-item\">\n                    <div class=\"single-client image-switcher\" title=\"\">\n                        \n                            <div class=\"content-image\">\n\n                                <img src=\"https:\/\/www.lemoine-cie.net\/wp-content\/uploads\/2020\/05\/part_4.png\" alt=\"part_4\" class=\"\">\n                                                            <\/div>\n\n                        \n                    <\/div>\n                <\/div>\n\n                            <div class=\"elementskit-client-slider-item\">\n                    <div class=\"single-client image-switcher\" title=\"\">\n                        \n                            <div class=\"content-image\">\n\n                                <img src=\"https:\/\/www.lemoine-cie.net\/wp-content\/uploads\/2020\/05\/part_5.png\" alt=\"GTO\" class=\"\">\n                                                            <\/div>\n\n                        \n                    <\/div>\n                <\/div>\n\n                            <div class=\"elementskit-client-slider-item\">\n                    <div class=\"single-client image-switcher\" title=\"\">\n                        \n                            <div class=\"content-image\">\n\n                                <img src=\"https:\/\/www.lemoine-cie.net\/wp-content\/uploads\/2020\/05\/part_6.png\" alt=\"part_6\" class=\"\">\n                                                            <\/div>\n\n                        \n                    <\/div>\n                <\/div>\n\n            \n        <\/div><!-- .elementskit-clients-slider END -->\n\n   <\/div>\t\t<\/div>\n\t\t\t\t<\/div>\n\t\t\t\t\t\t<\/div>\n\t\t\t\t\t<\/div>\n\t\t<\/div>\n\t\t\t\t\t\t\t\t<\/div>\n\t\t\t\t\t<\/div>\n\t\t<\/section>\n\t\t\t\t\t\t<\/div>\n\t\t\t\t\t\t<\/div>\n\t\t\t\t\t<\/div>","protected":false},"excerpt":{"rendered":"<p>SERVICES INSPECTION &#038; EXPERTISE MARITIME LEMONE &amp; Cie S.A. dispose d\u2019un service d\u2019inspection de marchandises et d\u2019expertises maritime qui se montre performant gr\u00e2ce \u00e0 la qualit\u00e9 des \u00e9quipements utilis\u00e9s et \u00e0 la qualification du personnel.\u00a0 Les experts maritimes d\u00e9ploy\u00e9s par LEMONE &amp; Cie S.A. dressent un diagnostic pr\u00e9cis\u00a0 de l\u2019\u00e9tat des navires.\u00a0 Le service inspection [&hellip;]<\/p>","protected":false},"author":1,"featured_media":0,"parent":212,"menu_order":0,"comment_status":"closed","ping_status":"closed","template":"","meta":[],"_links":{"self":[{"href":"https:\/\/www.lemoine-cie.net\/en\/wp-json\/wp\/v2\/pages\/274"}],"collection":[{"href":"https:\/\/www.lemoine-cie.net\/en\/wp-json\/wp\/v2\/pages"}],"about":[{"href":"https:\/\/www.lemoine-cie.net\/en\/wp-json\/wp\/v2\/types\/page"}],"author":[{"embeddable":true,"href":"https:\/\/www.lemoine-cie.net\/en\/wp-json\/wp\/v2\/users\/1"}],"replies":[{"embeddable":true,"href":"https:\/\/www.lemoine-cie.net\/en\/wp-json\/wp\/v2\/comments?post=274"}],"version-history":[{"count":31,"href":"https:\/\/www.lemoine-cie.net\/en\/wp-json\/wp\/v2\/pages\/274\/revisions"}],"predecessor-version":[{"id":711,"href":"https:\/\/www.lemoine-cie.net\/en\/wp-json\/wp\/v2\/pages\/274\/revisions\/711"}],"up":[{"embeddable":true,"href":"https:\/\/www.lemoine-cie.net\/en\/wp-json\/wp\/v2\/pages\/212"}],"wp:attachment":[{"href":"https:\/\/www.lemoine-cie.net\/en\/wp-json\/wp\/v2\/media?parent=274"}],"curies":[{"name":"wp","href":"https:\/\/api.w.org\/{rel}","templated":true}]}}