{"id":291,"date":"2020-05-13T09:50:01","date_gmt":"2020-05-13T07:50:01","guid":{"rendered":"https:\/\/www.lemoine-cie.net\/lemoine\/?page_id=291"},"modified":"2020-07-09T20:51:57","modified_gmt":"2020-07-09T18:51:57","slug":"contacts","status":"publish","type":"page","link":"https:\/\/www.lemoine-cie.net\/en\/contacts\/","title":{"rendered":"Contacts"},"content":{"rendered":"<div data-elementor-type=\"wp-page\" data-elementor-id=\"291\" class=\"elementor elementor-291\" data-elementor-settings=\"[]\">\n\t\t\t\t\t\t<div class=\"elementor-inner\">\n\t\t\t\t\t\t\t<div class=\"elementor-section-wrap\">\n\t\t\t\t\t\t\t<section class=\"elementor-section elementor-top-section elementor-element elementor-element-608a4ebb elementor-section-height-min-height elementor-section-boxed elementor-section-height-default elementor-section-items-middle\" data-id=\"608a4ebb\" data-element_type=\"section\" data-settings=\"{&quot;background_background&quot;:&quot;classic&quot;,&quot;ekit_has_onepagescroll_dot&quot;:&quot;yes&quot;}\">\n\t\t\t\t\t\t\t<div class=\"elementor-background-overlay\"><\/div>\n\t\t\t\t\t\t\t<div class=\"elementor-container elementor-column-gap-default\">\n\t\t\t\t\t\t\t<div class=\"elementor-row\">\n\t\t\t\t\t<div class=\"elementor-column elementor-col-100 elementor-top-column elementor-element elementor-element-299bb09b\" data-id=\"299bb09b\" data-element_type=\"column\">\n\t\t\t<div class=\"elementor-column-wrap elementor-element-populated\">\n\t\t\t\t\t\t\t<div class=\"elementor-widget-wrap\">\n\t\t\t\t\t\t<div class=\"elementor-element elementor-element-6203de5f elementor-widget__width-initial elementor-widget elementor-widget-heading\" data-id=\"6203de5f\" data-element_type=\"widget\" data-widget_type=\"heading.default\">\n\t\t\t\t<div class=\"elementor-widget-container\">\n\t\t\t<h2 class=\"elementor-heading-title elementor-size-default\">Contacts<\/h2>\t\t<\/div>\n\t\t\t\t<\/div>\n\t\t\t\t\t\t<\/div>\n\t\t\t\t\t<\/div>\n\t\t<\/div>\n\t\t\t\t\t\t\t\t<\/div>\n\t\t\t\t\t<\/div>\n\t\t<\/section>\n\t\t\t\t<section class=\"elementor-section elementor-top-section elementor-element elementor-element-34bba90 elementor-section-boxed elementor-section-height-default elementor-section-height-default\" data-id=\"34bba90\" data-element_type=\"section\" data-settings=\"{&quot;ekit_has_onepagescroll_dot&quot;:&quot;yes&quot;}\">\n\t\t\t\t\t\t<div class=\"elementor-container elementor-column-gap-default\">\n\t\t\t\t\t\t\t<div class=\"elementor-row\">\n\t\t\t\t\t<div class=\"elementor-column elementor-col-100 elementor-top-column elementor-element elementor-element-d2dfc1d\" data-id=\"d2dfc1d\" data-element_type=\"column\">\n\t\t\t<div class=\"elementor-column-wrap elementor-element-populated\">\n\t\t\t\t\t\t\t<div class=\"elementor-widget-wrap\">\n\t\t\t\t\t\t<div class=\"elementor-element elementor-element-e235f80 elementor-widget elementor-widget-wp-widget-bcn_widget\" data-id=\"e235f80\" data-element_type=\"widget\" data-widget_type=\"wp-widget-bcn_widget.default\">\n\t\t\t\t<div class=\"elementor-widget-container\">\n\t\t\t<div class=\"breadcrumbs\" vocab=\"https:\/\/schema.org\/\" typeof=\"BreadcrumbList\"><!-- Breadcrumb NavXT 6.6.0 -->\n<span property=\"itemListElement\" typeof=\"ListItem\"><a property=\"item\" typeof=\"WebPage\" title=\"Go to Lemoine &amp; Cie.\" href=\"https:\/\/www.lemoine-cie.net\/en\/\" class=\"home\" aria-current=\"page\"><span property=\"name\">Lemoine &amp; Cie<\/span><\/a><meta property=\"position\" content=\"1\"><\/span><\/div>\t\t<\/div>\n\t\t\t\t<\/div>\n\t\t\t\t\t\t<\/div>\n\t\t\t\t\t<\/div>\n\t\t<\/div>\n\t\t\t\t\t\t\t\t<\/div>\n\t\t\t\t\t<\/div>\n\t\t<\/section>\n\t\t\t\t<section class=\"elementor-section elementor-top-section elementor-element elementor-element-c461cbd elementor-section-boxed elementor-section-height-default elementor-section-height-default\" data-id=\"c461cbd\" data-element_type=\"section\" data-settings=\"{&quot;ekit_has_onepagescroll_dot&quot;:&quot;yes&quot;}\">\n\t\t\t\t\t\t<div class=\"elementor-container elementor-column-gap-default\">\n\t\t\t\t\t\t\t<div class=\"elementor-row\">\n\t\t\t\t\t<div class=\"elementor-column elementor-col-66 elementor-top-column elementor-element elementor-element-1a7aba7\" data-id=\"1a7aba7\" data-element_type=\"column\">\n\t\t\t<div class=\"elementor-column-wrap elementor-element-populated\">\n\t\t\t\t\t\t\t<div class=\"elementor-widget-wrap\">\n\t\t\t\t\t\t<div class=\"elementor-element elementor-element-67e8073 elementor-widget elementor-widget-elementskit-contact-form7\" data-id=\"67e8073\" data-element_type=\"widget\" data-widget_type=\"elementskit-contact-form7.default\">\n\t\t\t\t<div class=\"elementor-widget-container\">\n\t\t\t<div class=\"ekit-wid-con\" ><div class=\"ekit-form\"><div role=\"form\" class=\"wpcf7\" id=\"wpcf7-f309-o1\" lang=\"fr-FR\" dir=\"ltr\">\n<div class=\"screen-reader-response\"><p role=\"status\" aria-live=\"polite\" aria-atomic=\"true\"><\/p> <ul><\/ul><\/div>\n<form action=\"\/en\/wp-json\/wp\/v2\/pages\/291#wpcf7-f309-o1\" method=\"post\" class=\"wpcf7-form init\" novalidate=\"novalidate\" data-status=\"init\" data-trp-original-action=\"\/en\/wp-json\/wp\/v2\/pages\/291#wpcf7-f309-o1\">\n<div style=\"display: none;\">\n<input type=\"hidden\" name=\"_wpcf7\" value=\"309\" \/>\n<input type=\"hidden\" name=\"_wpcf7_version\" value=\"5.3\" \/>\n<input type=\"hidden\" name=\"_wpcf7_locale\" value=\"fr_FR\" \/>\n<input type=\"hidden\" name=\"_wpcf7_unit_tag\" value=\"wpcf7-f309-o1\" \/>\n<input type=\"hidden\" name=\"_wpcf7_container_post\" value=\"0\" \/>\n<input type=\"hidden\" name=\"_wpcf7_posted_data_hash\" value=\"\" \/>\n<input type=\"hidden\" name=\"_wpcf7_recaptcha_response\" value=\"\" \/>\n<\/div>\n<p><label> Your name (required)<br \/>\n    <span class=\"wpcf7-form-control-wrap your-name\"><input type=\"text\" name=\"your-name\" value=\"\" size=\"40\" class=\"wpcf7-form-control wpcf7-text wpcf7-validates-as-required\" aria-required=\"true\" aria-invalid=\"false\" \/><\/span> <\/label><\/p>\n<p><label> Your email address (required)<br \/>\n    <span class=\"wpcf7-form-control-wrap your-email\"><input type=\"email\" name=\"your-email\" value=\"\" size=\"40\" class=\"wpcf7-form-control wpcf7-text wpcf7-email wpcf7-validates-as-required wpcf7-validates-as-email\" aria-required=\"true\" aria-invalid=\"false\" \/><\/span> <\/label><\/p>\n<p><label> Subject<br \/>\n    <span class=\"wpcf7-form-control-wrap your-subject\"><input type=\"text\" name=\"your-subject\" value=\"\" size=\"40\" class=\"wpcf7-form-control wpcf7-text\" aria-invalid=\"false\" \/><\/span> <\/label><\/p>\n<p><label> Your message<br \/>\n    <span class=\"wpcf7-form-control-wrap your-message\"><textarea name=\"your-message\" cols=\"40\" rows=\"10\" class=\"wpcf7-form-control wpcf7-textarea\" aria-invalid=\"false\"><\/textarea><\/span> <\/label><\/p>\n<p><input type=\"submit\" value=\"Send\" class=\"wpcf7-form-control wpcf7-submit\" \/><\/p>\n<div class=\"wpcf7-response-output\" aria-hidden=\"true\"><\/div><input type=\"hidden\" name=\"trp-form-language\" value=\"en\"\/><\/form><\/div><\/div><\/div>\t\t<\/div>\n\t\t\t\t<\/div>\n\t\t\t\t<div class=\"elementor-element elementor-element-c9cd5a7 elementor-widget elementor-widget-image\" data-id=\"c9cd5a7\" data-element_type=\"widget\" data-widget_type=\"image.default\">\n\t\t\t\t<div class=\"elementor-widget-container\">\n\t\t\t\t\t<div class=\"elementor-image\">\n\t\t\t\t\t\t\t\t\t\t<img width=\"1024\" height=\"768\" src=\"https:\/\/www.lemoine-cie.net\/wp-content\/uploads\/2020\/06\/WhatsApp-Image-2020-06-15-at-11.51.05-AM.jpeg\" class=\"attachment-large size-large\" alt=\"\" loading=\"lazy\" srcset=\"https:\/\/www.lemoine-cie.net\/wp-content\/uploads\/2020\/06\/WhatsApp-Image-2020-06-15-at-11.51.05-AM.jpeg 1024w, https:\/\/www.lemoine-cie.net\/wp-content\/uploads\/2020\/06\/WhatsApp-Image-2020-06-15-at-11.51.05-AM-300x225.jpeg 300w, https:\/\/www.lemoine-cie.net\/wp-content\/uploads\/2020\/06\/WhatsApp-Image-2020-06-15-at-11.51.05-AM-768x576.jpeg 768w\" sizes=\"(max-width: 1024px) 100vw, 1024px\" \/>\t\t\t\t\t\t\t\t\t\t\t<\/div>\n\t\t\t\t<\/div>\n\t\t\t\t<\/div>\n\t\t\t\t\t\t<\/div>\n\t\t\t\t\t<\/div>\n\t\t<\/div>\n\t\t\t\t<div class=\"elementor-column elementor-col-33 elementor-top-column elementor-element elementor-element-708dc95\" data-id=\"708dc95\" data-element_type=\"column\">\n\t\t\t<div class=\"elementor-column-wrap elementor-element-populated\">\n\t\t\t\t\t\t\t<div class=\"elementor-widget-wrap\">\n\t\t\t\t\t\t<section class=\"elementor-section elementor-inner-section elementor-element elementor-element-085d7e5 elementor-section-boxed elementor-section-height-default elementor-section-height-default\" data-id=\"085d7e5\" data-element_type=\"section\" data-settings=\"{&quot;ekit_has_onepagescroll_dot&quot;:&quot;yes&quot;}\">\n\t\t\t\t\t\t<div class=\"elementor-container elementor-column-gap-default\">\n\t\t\t\t\t\t\t<div class=\"elementor-row\">\n\t\t\t\t\t<div class=\"elementor-column elementor-col-100 elementor-inner-column elementor-element elementor-element-5e4a4a5\" data-id=\"5e4a4a5\" data-element_type=\"column\" data-settings=\"{&quot;background_background&quot;:&quot;classic&quot;}\">\n\t\t\t<div class=\"elementor-column-wrap elementor-element-populated\">\n\t\t\t\t\t\t\t<div class=\"elementor-widget-wrap\">\n\t\t\t\t\t\t<div class=\"elementor-element elementor-element-1f48477 elementor-widget elementor-widget-text-editor\" data-id=\"1f48477\" data-element_type=\"widget\" data-widget_type=\"text-editor.default\">\n\t\t\t\t<div class=\"elementor-widget-container\">\n\t\t\t\t\t<div class=\"elementor-text-editor elementor-clearfix\"><p>01 BP 2526 Cotonou R\u00e9publique du B\u00e9nin<br>Tel: +229 21 31 52 26 \/ 27<br>&nbsp; &nbsp; &nbsp; &nbsp;+229 94 46 58 58<br><span style=\"font-size: 14px;\">Mail: lemoine@lemoine-cie.net<br><\/span><span style=\"font-size: 14px;\">Avenue Van Vollen Hoven<\/span><\/p><\/div>\n\t\t\t\t<\/div>\n\t\t\t\t<\/div>\n\t\t\t\t\t\t<\/div>\n\t\t\t\t\t<\/div>\n\t\t<\/div>\n\t\t\t\t\t\t\t\t<\/div>\n\t\t\t\t\t<\/div>\n\t\t<\/section>\n\t\t\t\t<section class=\"elementor-section elementor-inner-section elementor-element elementor-element-c034d29 elementor-section-boxed elementor-section-height-default elementor-section-height-default\" data-id=\"c034d29\" data-element_type=\"section\" data-settings=\"{&quot;ekit_has_onepagescroll_dot&quot;:&quot;yes&quot;}\">\n\t\t\t\t\t\t<div class=\"elementor-container elementor-column-gap-default\">\n\t\t\t\t\t\t\t<div class=\"elementor-row\">\n\t\t\t\t\t<div class=\"elementor-column elementor-col-100 elementor-inner-column elementor-element elementor-element-a1efccb\" data-id=\"a1efccb\" data-element_type=\"column\" data-settings=\"{&quot;background_background&quot;:&quot;classic&quot;}\">\n\t\t\t<div class=\"elementor-column-wrap elementor-element-populated\">\n\t\t\t\t\t\t\t<div class=\"elementor-widget-wrap\">\n\t\t\t\t\t\t<div class=\"elementor-element elementor-element-08f92cd t_horraire elementor-widget elementor-widget-heading\" data-id=\"08f92cd\" data-element_type=\"widget\" data-widget_type=\"heading.default\">\n\t\t\t\t<div class=\"elementor-widget-container\">\n\t\t\t<h5 class=\"elementor-heading-title elementor-size-default\">Our opening hours<\/h5>\t\t<\/div>\n\t\t\t\t<\/div>\n\t\t\t\t<div class=\"elementor-element elementor-element-aae5800 elementor-widget elementor-widget-elementskit-business-hours\" data-id=\"aae5800\" data-element_type=\"widget\" data-widget_type=\"elementskit-business-hours.default\">\n\t\t\t\t<div class=\"elementor-widget-container\">\n\t\t\t<div class=\"ekit-wid-con\" >\t\t<div class=\"ekit-business-hours-inner\">\n\t\t\t\t\t\t<div class=\"ekit-single-day elementor-repeater-item-27a7187\">\n\t\t\t\t\t\t\t\t<span class=\"ekit-business-day\">Lundi<\/span>\n\t\t\t\t\t\t\t\t<span class=\"ekit-business-time\">8h - 12h30mn \/ 15h -  18h30mn<\/span>\n\t\t\t\t\t\t\t<\/div>\n\t\t\t\t\t\t<div class=\"ekit-single-day elementor-repeater-item-39d946d\">\n\t\t\t\t\t\t\t\t<span class=\"ekit-business-day\">Mardi<\/span>\n\t\t\t\t\t\t\t\t<span class=\"ekit-business-time\">8h - 12h30mn \/ 15h -  18h30mn<\/span>\n\t\t\t\t\t\t\t<\/div>\n\t\t\t\t\t\t<div class=\"ekit-single-day elementor-repeater-item-de87cd8\">\n\t\t\t\t\t\t\t\t<span class=\"ekit-business-day\">Mercredi<\/span>\n\t\t\t\t\t\t\t\t<span class=\"ekit-business-time\">8h - 12h30mn \/ 15h -  18h30mn<\/span>\n\t\t\t\t\t\t\t<\/div>\n\t\t\t\t\t\t<div class=\"ekit-single-day elementor-repeater-item-e91a921\">\n\t\t\t\t\t\t\t\t<span class=\"ekit-business-day\">Jeudi<\/span>\n\t\t\t\t\t\t\t\t<span class=\"ekit-business-time\">8h - 12h30mn \/ 15h -  18h30mn<\/span>\n\t\t\t\t\t\t\t<\/div>\n\t\t\t\t\t\t<div class=\"ekit-single-day elementor-repeater-item-73f6ba8\">\n\t\t\t\t\t\t\t\t<span class=\"ekit-business-day\">Vendredi<\/span>\n\t\t\t\t\t\t\t\t<span class=\"ekit-business-time\">8h - 12h30mn \/ 15h -  18h30mn<\/span>\n\t\t\t\t\t\t\t<\/div>\n\t\t\t\t\t<\/div>\n        <\/div>\t\t<\/div>\n\t\t\t\t<\/div>\n\t\t\t\t\t\t<\/div>\n\t\t\t\t\t<\/div>\n\t\t<\/div>\n\t\t\t\t\t\t\t\t<\/div>\n\t\t\t\t\t<\/div>\n\t\t<\/section>\n\t\t\t\t<section class=\"elementor-section elementor-inner-section elementor-element elementor-element-1beccfb elementor-section-boxed elementor-section-height-default elementor-section-height-default\" data-id=\"1beccfb\" data-element_type=\"section\" data-settings=\"{&quot;ekit_has_onepagescroll_dot&quot;:&quot;yes&quot;}\">\n\t\t\t\t\t\t<div class=\"elementor-container elementor-column-gap-default\">\n\t\t\t\t\t\t\t<div class=\"elementor-row\">\n\t\t\t\t\t<div class=\"elementor-column elementor-col-100 elementor-inner-column elementor-element elementor-element-9a3c5e1\" data-id=\"9a3c5e1\" data-element_type=\"column\">\n\t\t\t<div class=\"elementor-column-wrap elementor-element-populated\">\n\t\t\t\t\t\t\t<div class=\"elementor-widget-wrap\">\n\t\t\t\t\t\t<div class=\"elementor-element elementor-element-d3425b6 elementor-widget elementor-widget-image\" data-id=\"d3425b6\" data-element_type=\"widget\" data-widget_type=\"image.default\">\n\t\t\t\t<div class=\"elementor-widget-container\">\n\t\t\t\t\t<div class=\"elementor-image\">\n\t\t\t\t\t\t\t\t\t\t<img width=\"768\" height=\"1024\" src=\"https:\/\/www.lemoine-cie.net\/wp-content\/uploads\/2020\/06\/chef_transi.png\" class=\"attachment-large size-large\" alt=\"chef transi\" loading=\"lazy\" srcset=\"https:\/\/www.lemoine-cie.net\/wp-content\/uploads\/2020\/06\/chef_transi.png 768w, https:\/\/www.lemoine-cie.net\/wp-content\/uploads\/2020\/06\/chef_transi-225x300.png 225w\" sizes=\"(max-width: 768px) 100vw, 768px\" \/>\t\t\t\t\t\t\t\t\t\t\t<\/div>\n\t\t\t\t<\/div>\n\t\t\t\t<\/div>\n\t\t\t\t\t\t<\/div>\n\t\t\t\t\t<\/div>\n\t\t<\/div>\n\t\t\t\t\t\t\t\t<\/div>\n\t\t\t\t\t<\/div>\n\t\t<\/section>\n\t\t\t\t\t\t<\/div>\n\t\t\t\t\t<\/div>\n\t\t<\/div>\n\t\t\t\t\t\t\t\t<\/div>\n\t\t\t\t\t<\/div>\n\t\t<\/section>\n\t\t\t\t<section class=\"elementor-section elementor-top-section elementor-element elementor-element-6dc7dbc3 elementor-section-boxed elementor-section-height-default elementor-section-height-default\" data-id=\"6dc7dbc3\" data-element_type=\"section\" data-settings=\"{&quot;ekit_has_onepagescroll_dot&quot;:&quot;yes&quot;}\">\n\t\t\t\t\t\t<div class=\"elementor-container elementor-column-gap-default\">\n\t\t\t\t\t\t\t<div class=\"elementor-row\">\n\t\t\t\t\t<div class=\"elementor-column elementor-col-100 elementor-top-column elementor-element elementor-element-47fbb806\" data-id=\"47fbb806\" data-element_type=\"column\">\n\t\t\t<div class=\"elementor-column-wrap elementor-element-populated\">\n\t\t\t\t\t\t\t<div class=\"elementor-widget-wrap\">\n\t\t\t\t\t\t<div class=\"elementor-element elementor-element-4987fb23 elementor-widget elementor-widget-heading\" data-id=\"4987fb23\" data-element_type=\"widget\" data-widget_type=\"heading.default\">\n\t\t\t\t<div class=\"elementor-widget-container\">\n\t\t\t<h2 class=\"elementor-heading-title elementor-size-default\">OUR PARTNERS<\/h2>\t\t<\/div>\n\t\t\t\t<\/div>\n\t\t\t\t<div class=\"elementor-element elementor-element-50881bb1 elementor-widget-divider--view-line elementor-widget elementor-widget-divider\" data-id=\"50881bb1\" data-element_type=\"widget\" data-widget_type=\"divider.default\">\n\t\t\t\t<div class=\"elementor-widget-container\">\n\t\t\t\t\t<div class=\"elementor-divider\">\n\t\t\t<span class=\"elementor-divider-separator\">\n\t\t\t\t\t\t<\/span>\n\t\t<\/div>\n\t\t\t\t<\/div>\n\t\t\t\t<\/div>\n\t\t\t\t<div class=\"elementor-element elementor-element-7cf6c284 elementor-widget elementor-widget-elementskit-client-logo\" data-id=\"7cf6c284\" data-element_type=\"widget\" data-widget_type=\"elementskit-client-logo.default\">\n\t\t\t\t<div class=\"elementor-widget-container\">\n\t\t\t<div class=\"ekit-wid-con\" >        \n        <div class=\"elementskit-clients-slider simple_logo_image\" data-config=\"{&quot;rtl&quot;:false,&quot;arrows&quot;:false,&quot;dots&quot;:false,&quot;pauseOnHover&quot;:true,&quot;prevArrow&quot;:&quot;&quot;,&quot;nextArrow&quot;:&quot;&quot;,&quot;autoplay&quot;:true,&quot;autoplaySpeed&quot;:5000,&quot;infinite&quot;:true,&quot;slidesToShow&quot;:4,&quot;slidesToScroll&quot;:1,&quot;rows&quot;:1,&quot;responsive&quot;:[{&quot;breakpoint&quot;:1024,&quot;settings&quot;:{&quot;slidesToShow&quot;:2,&quot;slidesToScroll&quot;:1}},{&quot;breakpoint&quot;:480,&quot;settings&quot;:{&quot;slidesToShow&quot;:1,&quot;slidesToScroll&quot;:1},&quot;arrows&quot;:false}]}\" data-direction=\"\">\n\n                            <div class=\"elementskit-client-slider-item\">\n                    <div class=\"single-client image-switcher\" title=\"\">\n                        \n                            <div class=\"content-image\">\n\n                                <img src=\"https:\/\/www.lemoine-cie.net\/wp-content\/uploads\/2020\/05\/DSV_Logo.svg.png\" alt=\"DSV\" class=\"\">\n                                                            <\/div>\n\n                        \n                    <\/div>\n                <\/div>\n\n                            <div class=\"elementskit-client-slider-item\">\n                    <div class=\"single-client image-switcher\" title=\"\">\n                        \n                            <div class=\"content-image\">\n\n                                <img src=\"https:\/\/www.lemoine-cie.net\/wp-content\/uploads\/2020\/05\/ace.jpg\" alt=\"ace\" class=\"\">\n                                                            <\/div>\n\n                        \n                    <\/div>\n                <\/div>\n\n                            <div class=\"elementskit-client-slider-item\">\n                    <div class=\"single-client image-switcher\" title=\"\">\n                        \n                            <div class=\"content-image\">\n\n                                <img src=\"https:\/\/www.lemoine-cie.net\/wp-content\/uploads\/2020\/05\/part_1.png\" alt=\"FIATA\" class=\"\">\n                                                            <\/div>\n\n                        \n                    <\/div>\n                <\/div>\n\n                            <div class=\"elementskit-client-slider-item\">\n                    <div class=\"single-client image-switcher\" title=\"\">\n                        \n                            <div class=\"content-image\">\n\n                                <img src=\"https:\/\/www.lemoine-cie.net\/wp-content\/uploads\/2020\/05\/part_2.png\" alt=\"VANGUARD\" class=\"\">\n                                                            <\/div>\n\n                        \n                    <\/div>\n                <\/div>\n\n                            <div class=\"elementskit-client-slider-item\">\n                    <div class=\"single-client image-switcher\" title=\"\">\n                        \n                            <div class=\"content-image\">\n\n                                <img src=\"https:\/\/www.lemoine-cie.net\/wp-content\/uploads\/2020\/05\/part_3.png\" alt=\"part_3\" class=\"\">\n                                                            <\/div>\n\n                        \n                    <\/div>\n                <\/div>\n\n                            <div class=\"elementskit-client-slider-item\">\n                    <div class=\"single-client image-switcher\" title=\"\">\n                        \n                            <div class=\"content-image\">\n\n                                <img src=\"https:\/\/www.lemoine-cie.net\/wp-content\/uploads\/2020\/05\/part_4.png\" alt=\"part_4\" class=\"\">\n                                                            <\/div>\n\n                        \n                    <\/div>\n                <\/div>\n\n                            <div class=\"elementskit-client-slider-item\">\n                    <div class=\"single-client image-switcher\" title=\"\">\n                        \n                            <div class=\"content-image\">\n\n                                <img src=\"https:\/\/www.lemoine-cie.net\/wp-content\/uploads\/2020\/05\/part_5.png\" alt=\"GTO\" class=\"\">\n                                                            <\/div>\n\n                        \n                    <\/div>\n                <\/div>\n\n                            <div class=\"elementskit-client-slider-item\">\n                    <div class=\"single-client image-switcher\" title=\"\">\n                        \n                            <div class=\"content-image\">\n\n                                <img src=\"https:\/\/www.lemoine-cie.net\/wp-content\/uploads\/2020\/05\/part_6.png\" alt=\"part_6\" class=\"\">\n                                                            <\/div>\n\n                        \n                    <\/div>\n                <\/div>\n\n            \n        <\/div><!-- .elementskit-clients-slider END -->\n\n   <\/div>\t\t<\/div>\n\t\t\t\t<\/div>\n\t\t\t\t\t\t<\/div>\n\t\t\t\t\t<\/div>\n\t\t<\/div>\n\t\t\t\t\t\t\t\t<\/div>\n\t\t\t\t\t<\/div>\n\t\t<\/section>\n\t\t\t\t\t\t<\/div>\n\t\t\t\t\t\t<\/div>\n\t\t\t\t\t<\/div>","protected":false},"excerpt":{"rendered":"<p>Contacts Votre nom (obligatoire) Votre adresse de messagerie (obligatoire) Objet Votre message 01 BP 2526 Cotonou R\u00e9publique du B\u00e9ninT\u00e9l: +229 21 31 52 26 \/ 27&nbsp; &nbsp; &nbsp; &nbsp;+229 94 46 58 58Mail: lemoine@lemoine-cie.netAvenue Van Vollen Hoven Nos horaires d&rsquo;ouverture Lundi 8h &#8211; 12h30mn \/ 15h &#8211; 18h30mn Mardi 8h &#8211; 12h30mn \/ 15h &#8211; [&hellip;]<\/p>","protected":false},"author":1,"featured_media":0,"parent":0,"menu_order":0,"comment_status":"closed","ping_status":"closed","template":"","meta":[],"_links":{"self":[{"href":"https:\/\/www.lemoine-cie.net\/en\/wp-json\/wp\/v2\/pages\/291"}],"collection":[{"href":"https:\/\/www.lemoine-cie.net\/en\/wp-json\/wp\/v2\/pages"}],"about":[{"href":"https:\/\/www.lemoine-cie.net\/en\/wp-json\/wp\/v2\/types\/page"}],"author":[{"embeddable":true,"href":"https:\/\/www.lemoine-cie.net\/en\/wp-json\/wp\/v2\/users\/1"}],"replies":[{"embeddable":true,"href":"https:\/\/www.lemoine-cie.net\/en\/wp-json\/wp\/v2\/comments?post=291"}],"version-history":[{"count":32,"href":"https:\/\/www.lemoine-cie.net\/en\/wp-json\/wp\/v2\/pages\/291\/revisions"}],"predecessor-version":[{"id":693,"href":"https:\/\/www.lemoine-cie.net\/en\/wp-json\/wp\/v2\/pages\/291\/revisions\/693"}],"wp:attachment":[{"href":"https:\/\/www.lemoine-cie.net\/en\/wp-json\/wp\/v2\/media?parent=291"}],"curies":[{"name":"wp","href":"https:\/\/api.w.org\/{rel}","templated":true}]}}